{"id":275,"date":"2016-08-08T11:53:31","date_gmt":"2016-08-08T09:53:31","guid":{"rendered":"http:\/\/mc.sunlab.eu\/?page_id=275"},"modified":"2024-10-14T10:19:55","modified_gmt":"2024-10-14T08:19:55","slug":"flightcase-online-konfigurieren_fr","status":"publish","type":"page","link":"https:\/\/megacase.com\/fr\/","title":{"rendered":"CONFIGURATION DE FLIGHT CASES EN LIGNE"},"content":{"rendered":"<p>&nbsp;<\/p>\n<div>[megacase_splide_slider sl_border=\u00a0\u00bbtrue\u00a0\u00bb columns=\u00a0\u00bb3&Prime; size=\u00a0\u00bblarge\u00a0\u00bb link=\u00a0\u00bbfile\u00a0\u00bb slick_active=\u00a0\u00bbtrue\u00a0\u00bb sl_autoplay=\u00a0\u00bbtrue\u00a0\u00bb sl_slidesToScroll=\u00a0\u00bb3&Prime; sl_slidestoshow=\u00a0\u00bb3&Prime; sl_variablewidth=\u00a0\u00bbtrue\u00a0\u00bb ids=\u00a0\u00bbadvertising_slider\u00a0\u00bb]<\/div>\n<p>&nbsp;<\/p>\n<p style=\"text-align: center;\"><span style=\"color: #ff6600;\"><strong><span lang=\"FR\">Nos cases recherchent un nouveau propri\u00e9taire.<br \/>\nJetez un oeil \u00e0 nos\u00a0<\/span><a style=\"color: #ff6600;\" href=\"https:\/\/megacase.com\/de\/product-tags\/b-stock\/\"><u><span lang=\"FR\">articles en stock<\/span><\/u><\/a><span lang=\"FR\">.<\/span><\/strong><\/span><\/p>\n<p>Megacase fabrique des flight cases sur mesure. Dans notre usine allemande, nous produisons des flight cases de transport, des racks, et des flight cases sp\u00e9ciaux r\u00e9pondant aux besoins des clients. Sur megacase.com vous pouvez cr\u00e9er votre flight case selon vos souhaits et besoins, et les commander sans risque.<\/p>\n","protected":false},"excerpt":{"rendered":"<p>&nbsp; [megacase_splide_slider sl_border=\u00a0\u00bbtrue\u00a0\u00bb columns=\u00a0\u00bb3&Prime; size=\u00a0\u00bblarge\u00a0\u00bb link=\u00a0\u00bbfile\u00a0\u00bb slick_active=\u00a0\u00bbtrue\u00a0\u00bb sl_autoplay=\u00a0\u00bbtrue\u00a0\u00bb sl_slidesToScroll=\u00a0\u00bb3&Prime; sl_slidestoshow=\u00a0\u00bb3&Prime; sl_variablewidth=\u00a0\u00bbtrue\u00a0\u00bb ids=\u00a0\u00bbadvertising_slider\u00a0\u00bb] &nbsp; Nos cases recherchent un nouveau propri\u00e9taire. Jetez<\/p>\n","protected":false},"author":13401,"featured_media":66935,"parent":0,"menu_order":0,"comment_status":"closed","ping_status":"closed","template":"","meta":{"_acf_changed":false,"footnotes":""},"class_list":["post-275","page","type-page","status-publish","has-post-thumbnail","hentry"],"acf":[],"_links":{"self":[{"href":"https:\/\/megacase.com\/fr\/wp-json\/wp\/v2\/pages\/275","targetHints":{"allow":["GET"]}}],"collection":[{"href":"https:\/\/megacase.com\/fr\/wp-json\/wp\/v2\/pages"}],"about":[{"href":"https:\/\/megacase.com\/fr\/wp-json\/wp\/v2\/types\/page"}],"author":[{"embeddable":true,"href":"https:\/\/megacase.com\/fr\/wp-json\/wp\/v2\/users\/13401"}],"replies":[{"embeddable":true,"href":"https:\/\/megacase.com\/fr\/wp-json\/wp\/v2\/comments?post=275"}],"version-history":[{"count":5,"href":"https:\/\/megacase.com\/fr\/wp-json\/wp\/v2\/pages\/275\/revisions"}],"predecessor-version":[{"id":269594,"href":"https:\/\/megacase.com\/fr\/wp-json\/wp\/v2\/pages\/275\/revisions\/269594"}],"wp:featuredmedia":[{"embeddable":true,"href":"https:\/\/megacase.com\/fr\/wp-json\/wp\/v2\/media\/66935"}],"wp:attachment":[{"href":"https:\/\/megacase.com\/fr\/wp-json\/wp\/v2\/media?parent=275"}],"curies":[{"name":"wp","href":"https:\/\/api.w.org\/{rel}","templated":true}]}}