{"id":80232,"date":"2017-11-28T12:38:53","date_gmt":"2017-11-28T11:38:53","guid":{"rendered":"https:\/\/megacase.com\/?post_type=product&#038;p=80232"},"modified":"2026-03-26T14:10:14","modified_gmt":"2026-03-26T13:10:14","slug":"truhencase-fuer-inlay-mit-diversen-messgeraeten-gross","status":"publish","type":"product","link":"https:\/\/megacase.com\/en\/product\/truhencase-fuer-inlay-mit-diversen-messgeraeten-gross\/","title":{"rendered":"Truhencase f\u00fcr Inlay mit diversen Messger\u00e4ten gro\u00df"},"content":{"rendered":"<p>Truhe<br \/>\n7mm Birke schwarz RAL 9004<br \/>\n30\/30 Alukante<br \/>\n2x Butterfly mittel mit \u00d6se<br \/>\n2x Feststellscharnier<br \/>\n3x Klappgriff<br \/>\n2x Kugelecke medium<br \/>\n4x Kugelecke mit integrierter L-Ecke medium<br \/>\nSchaumstoffinlay<br \/>\n2x Eckeinbaurolle Skater 75mm rechts<br \/>\n4x Plastikfu\u00df AH4946<\/p>\n","protected":false},"excerpt":{"rendered":"<p>Truhe 7mm Birke schwarz RAL 9004 30\/30 Alukante 2x Butterfly mittel mit \u00d6se 2x Feststellscharnier 3x Klappgriff 2x Kugelecke medium<\/p>\n","protected":false},"featured_media":80233,"template":"","meta":{"_acf_changed":false},"product_brand":[],"product_cat":[13432],"product_tag":[],"class_list":{"0":"post-80232","1":"product","2":"type-product","3":"status-publish","4":"has-post-thumbnail","6":"product_cat-accessories","8":"first","9":"instock","10":"taxable","11":"shipping-taxable","12":"purchasable","13":"product-type-simple"},"acf":[],"_links":{"self":[{"href":"https:\/\/megacase.com\/en\/wp-json\/wp\/v2\/product\/80232","targetHints":{"allow":["GET"]}}],"collection":[{"href":"https:\/\/megacase.com\/en\/wp-json\/wp\/v2\/product"}],"about":[{"href":"https:\/\/megacase.com\/en\/wp-json\/wp\/v2\/types\/product"}],"wp:featuredmedia":[{"embeddable":true,"href":"https:\/\/megacase.com\/en\/wp-json\/wp\/v2\/media\/80233"}],"wp:attachment":[{"href":"https:\/\/megacase.com\/en\/wp-json\/wp\/v2\/media?parent=80232"}],"wp:term":[{"taxonomy":"product_brand","embeddable":true,"href":"https:\/\/megacase.com\/en\/wp-json\/wp\/v2\/product_brand?post=80232"},{"taxonomy":"product_cat","embeddable":true,"href":"https:\/\/megacase.com\/en\/wp-json\/wp\/v2\/product_cat?post=80232"},{"taxonomy":"product_tag","embeddable":true,"href":"https:\/\/megacase.com\/en\/wp-json\/wp\/v2\/product_tag?post=80232"}],"curies":[{"name":"wp","href":"https:\/\/api.w.org\/{rel}","templated":true}]}}