{"id":296177,"date":"2026-03-26T11:30:40","date_gmt":"2026-03-26T10:30:40","guid":{"rendered":"https:\/\/megacase.com\/product\/flip-case-heavy-hub-lift-for-yamaha-dm7-extension\/"},"modified":"2026-03-27T11:37:04","modified_gmt":"2026-03-27T10:37:04","slug":"flip-case-heavy-hub-lift-for-yamaha-dm7-extension","status":"publish","type":"product","link":"https:\/\/megacase.com\/en\/product\/flip-case-heavy-hub-lift-for-yamaha-dm7-extension\/","title":{"rendered":"Flip Case Heavy Hub-Lift for Yamaha DM7 + Extension"},"content":{"rendered":"<p>Robustes und durchdachtes Flightcase f\u00fcr das Yamaha DM7 Mischpult inklusive Extension \u2013 ideal f\u00fcr den professionellen Touring- und Eventeinsatz. Das Case aus 9 mm schwarzem Multiplex-Holz \u00fcberzeugt durch hohe Stabilit\u00e4t, komfortable Handhabung und eine integrierte, elektrisch h\u00f6henverstellbare Hub-Lift-Funktion.<\/p>\n<p>Die abnehmbare Mischpultwanne erm\u00f6glicht einen schnellen und einfachen Zugriff. Die Bedienh\u00f6he l\u00e4sst sich mittels integrierter Hubs\u00e4ule flexibel von ca. 848 mm bis maximal 1198 mm elektrisch anpassen und sorgt so f\u00fcr ergonomisches Arbeiten in jeder Umgebung.<\/p>\n<p>Hinter dem Mischpult befindet sich ein 20 cm tiefes Dockhouse, das zus\u00e4tzlichen Platz f\u00fcr Verkabelung und Zubeh\u00f6r bietet. 2 Adapter Monitorhalter f\u00fcr Notebookarm (300 mm L\u00e4nge) sind bereits montiert. F\u00fcr eine optimale Bel\u00fcftung sind in der senkrechten Dockhouseklappe zwei leise 12V PWM-L\u00fcfter (120 mm, 18,9 dB) integriert.<\/p>\n<p>A practical keyboard tray (60 x 25 cm) beneath the mixing console and a well-designed internal compartment system provide space for two vertically positioned monitors and other accessories.<\/p>\n<p>Four 100 mm swivel casters, two with locking brakes, ensure maximum mobility. Multiple folding and recessed handles guarantee comfortable handling during daily use.<\/p>\n<p>Features:<br \/>\n9 mm black multiplex (RAL 9004)<br \/>\n35 x 35 mm aluminum profiles<br \/>\n12 large L-shaped corner pieces<br \/>\n6 large butterfly latches<br \/>\n8 large folding handles<br \/>\n2 recessed edge handles<br \/>\n1 tour label tray<br \/>\n8 large ball corner pieces<br \/>\n4 x 100 mm swivel casters, 2 with brakes<br \/>\nFoam padding<\/p>\n<p>**Note: Equipment shown is for illustrative purposes only and is NOT included in the offer.<\/p>\n<p>Made in Germany<br \/>\nExternal dimensions (W x D x H): approx. 1365 x 613 x 983 mm<br \/>\nWeight: approx. 140 kg<\/p>\n","protected":false},"excerpt":{"rendered":"<p>Robustes und durchdachtes Flightcase f\u00fcr das Yamaha DM7 Mischpult inklusive Extension \u2013 ideal f\u00fcr den professionellen Touring- und Eventeinsatz. Das<\/p>\n","protected":false},"featured_media":295970,"template":"","meta":{"_acf_changed":false},"product_brand":[],"product_cat":[13825],"product_tag":[],"class_list":{"0":"post-296177","1":"product","2":"type-product","3":"status-publish","4":"has-post-thumbnail","6":"product_cat-mischpult-cases-en","8":"first","9":"instock","10":"taxable","11":"shipping-taxable","12":"purchasable","13":"product-type-simple"},"acf":[],"_links":{"self":[{"href":"https:\/\/megacase.com\/en\/wp-json\/wp\/v2\/product\/296177","targetHints":{"allow":["GET"]}}],"collection":[{"href":"https:\/\/megacase.com\/en\/wp-json\/wp\/v2\/product"}],"about":[{"href":"https:\/\/megacase.com\/en\/wp-json\/wp\/v2\/types\/product"}],"wp:featuredmedia":[{"embeddable":true,"href":"https:\/\/megacase.com\/en\/wp-json\/wp\/v2\/media\/295970"}],"wp:attachment":[{"href":"https:\/\/megacase.com\/en\/wp-json\/wp\/v2\/media?parent=296177"}],"wp:term":[{"taxonomy":"product_brand","embeddable":true,"href":"https:\/\/megacase.com\/en\/wp-json\/wp\/v2\/product_brand?post=296177"},{"taxonomy":"product_cat","embeddable":true,"href":"https:\/\/megacase.com\/en\/wp-json\/wp\/v2\/product_cat?post=296177"},{"taxonomy":"product_tag","embeddable":true,"href":"https:\/\/megacase.com\/en\/wp-json\/wp\/v2\/product_tag?post=296177"}],"curies":[{"name":"wp","href":"https:\/\/api.w.org\/{rel}","templated":true}]}}