{"id":216880,"date":"2021-05-19T09:23:55","date_gmt":"2021-05-19T07:23:55","guid":{"rendered":"https:\/\/megacase.com\/product\/flightcase-truss-connector-0-174\/"},"modified":"2021-05-19T09:26:16","modified_gmt":"2021-05-19T07:26:16","slug":"flightcase-truss-connector-0-174","status":"publish","type":"product","link":"https:\/\/megacase.com\/en\/product\/flightcase-truss-connector-0-174\/","title":{"rendered":"Flightcase Truss Connector 0\/174"},"content":{"rendered":"<h3>Truss Case<\/h3>\n<p>Customised for 174 x steel bolts<br \/>\nAdditional compartment for R clips<br \/>\nCompartment for hammer<br \/>\n6,8 mm birch plywood phenolic resin coated<br \/>\nColour: brown<br \/>\n25 x 25 mm aluminum profile<br \/>\nSteel ball corners, medium<br \/>\n2 x mini butterfly latches<br \/>\n2 x Large lid stay hinges<br \/>\n1 x Case handle<br \/>\nMade in Germany<br \/>\nDimensions (W x H x D): approx.: 43 x 13.5 x 34 cm<br \/>\nWeight approx.: 5,6kg<\/p>\n","protected":false},"excerpt":{"rendered":"<p>angefertigt f\u00fcr 174 Stahlbolzen | Zusatzfach f\u00fcr R-Clips | Fach f\u00fcr Hammer | hergestellt in Deutschland<\/p>\n","protected":false},"featured_media":216893,"template":"","meta":{"_acf_changed":false},"product_brand":[],"product_cat":[15421],"product_tag":[],"class_list":{"0":"post-216880","1":"product","2":"type-product","3":"status-publish","4":"has-post-thumbnail","6":"product_cat-light-equipment-case","8":"first","9":"instock","10":"taxable","11":"shipping-taxable","12":"purchasable","13":"product-type-simple"},"acf":[],"_links":{"self":[{"href":"https:\/\/megacase.com\/en\/wp-json\/wp\/v2\/product\/216880","targetHints":{"allow":["GET"]}}],"collection":[{"href":"https:\/\/megacase.com\/en\/wp-json\/wp\/v2\/product"}],"about":[{"href":"https:\/\/megacase.com\/en\/wp-json\/wp\/v2\/types\/product"}],"wp:featuredmedia":[{"embeddable":true,"href":"https:\/\/megacase.com\/en\/wp-json\/wp\/v2\/media\/216893"}],"wp:attachment":[{"href":"https:\/\/megacase.com\/en\/wp-json\/wp\/v2\/media?parent=216880"}],"wp:term":[{"taxonomy":"product_brand","embeddable":true,"href":"https:\/\/megacase.com\/en\/wp-json\/wp\/v2\/product_brand?post=216880"},{"taxonomy":"product_cat","embeddable":true,"href":"https:\/\/megacase.com\/en\/wp-json\/wp\/v2\/product_cat?post=216880"},{"taxonomy":"product_tag","embeddable":true,"href":"https:\/\/megacase.com\/en\/wp-json\/wp\/v2\/product_tag?post=216880"}],"curies":[{"name":"wp","href":"https:\/\/api.w.org\/{rel}","templated":true}]}}