{"id":205597,"date":"2021-02-19T11:12:16","date_gmt":"2021-02-19T10:12:16","guid":{"rendered":"https:\/\/megacase.com\/product\/case-elektron-analog-four-mkii\/"},"modified":"2026-03-25T16:15:48","modified_gmt":"2026-03-25T15:15:48","slug":"case-elektron-analog-four-mkii","status":"publish","type":"product","link":"https:\/\/megacase.com\/en\/product\/case-elektron-analog-four-mkii\/","title":{"rendered":"Case Elektron Analog Four MKII"},"content":{"rendered":"<p>passendes Haubencase f\u00fcr ein Elektron Analog Four MK II Synthesizer<br \/>\nGebaut aus 6,8 mm Birkenmultiplex phenolharz beschichtet<br \/>\nFarbe: braun<br \/>\n22&#215;22 mm Alukante,<br \/>\n1 Koffergriff,<br \/>\n2 Butterfly Verschl\u00fcsse,<br \/>\n8 Stahlkugelecken klein,<br \/>\nSchaumstoffpolsterung im Boden und Deckel nach Ma\u00df,<br \/>\n4 Gummif\u00fc\u00dfe 25&#215;15 mm<br \/>\nAlle Anschl\u00fcsse sind frei zug\u00e4nglich dadurch kann das Ger\u00e4t im Ger\u00e4t bedient werden.<br \/>\nVorhandener Platz f\u00fcr Kabel und Netzteil<br \/>\nAu\u00dfenma\u00dfe: BxTxH 445x343x128 mm<br \/>\nGewicht: 5 kg<br \/>\nHergestellt in Deutschland<\/p>\n","protected":false},"excerpt":{"rendered":"<p>passendes Haubencase f\u00fcr ein Elektron Analog Four MK II Synthesizer Gebaut aus 6,8 mm Birkenmultiplex phenolharz beschichtet Farbe: braun 22&#215;22<\/p>\n","protected":false},"featured_media":205582,"template":"","meta":{"_acf_changed":false},"product_brand":[],"product_cat":[13981],"product_tag":[],"class_list":{"0":"post-205597","1":"product","2":"type-product","3":"status-publish","4":"has-post-thumbnail","6":"product_cat-unkategorisiert","8":"first","9":"instock","10":"taxable","11":"shipping-taxable","12":"purchasable","13":"product-type-simple"},"acf":[],"_links":{"self":[{"href":"https:\/\/megacase.com\/en\/wp-json\/wp\/v2\/product\/205597","targetHints":{"allow":["GET"]}}],"collection":[{"href":"https:\/\/megacase.com\/en\/wp-json\/wp\/v2\/product"}],"about":[{"href":"https:\/\/megacase.com\/en\/wp-json\/wp\/v2\/types\/product"}],"wp:featuredmedia":[{"embeddable":true,"href":"https:\/\/megacase.com\/en\/wp-json\/wp\/v2\/media\/205582"}],"wp:attachment":[{"href":"https:\/\/megacase.com\/en\/wp-json\/wp\/v2\/media?parent=205597"}],"wp:term":[{"taxonomy":"product_brand","embeddable":true,"href":"https:\/\/megacase.com\/en\/wp-json\/wp\/v2\/product_brand?post=205597"},{"taxonomy":"product_cat","embeddable":true,"href":"https:\/\/megacase.com\/en\/wp-json\/wp\/v2\/product_cat?post=205597"},{"taxonomy":"product_tag","embeddable":true,"href":"https:\/\/megacase.com\/en\/wp-json\/wp\/v2\/product_tag?post=205597"}],"curies":[{"name":"wp","href":"https:\/\/api.w.org\/{rel}","templated":true}]}}