{"id":104614,"date":"2018-03-19T12:29:21","date_gmt":"2018-03-19T11:29:21","guid":{"rendered":"https:\/\/megacase.com\/?post_type=product&#038;p=104614"},"modified":"2026-03-26T14:07:11","modified_gmt":"2026-03-26T13:07:11","slug":"display-case-auf-rollen-samsung-43-zoll-4-in-1","status":"publish","type":"product","link":"https:\/\/megacase.com\/en\/product\/display-case-auf-rollen-samsung-43-zoll-4-in-1\/","title":{"rendered":"Display Case 43Zoll Samsung LED TV 4in1"},"content":{"rendered":"<p>Display-Case auf Lenkollen f\u00fcr 4 Samsung LED TV 43 Zoll,<br \/>\nz.B. Samsung UE43MV6199U.<br \/>\n2 Displays werden jeweils Bildfl\u00e4che an Bildfl\u00e4che gestellt.<br \/>\nTiefe mit Halterung: 100 mm x Breite 740 mm x H\u00f6he 420 mm<\/p>\n<p>6,8 mm Multiplex Phenol braun<br \/>\n30&#215;30 mm Alukante<br \/>\n8 L-Ecke medium<br \/>\n4 Butterfly mittel<br \/>\n6 Klappgriff medium<br \/>\n8 Stahlkugelecke mittel<br \/>\n4 Lenkrolle, davon 2 gebremst<br \/>\nSchaumstoffpolsterung <\/p>\n<p>hergestellt in Deutschland<br \/>\nAu\u00dfenma\u00dfe BxTxH 1065 x 580 x 810 mm<br \/>\nGewicht: 28,8 kg<\/p>\n","protected":false},"excerpt":{"rendered":"<p>Display-Case auf Lenkollen f\u00fcr 4 Samsung LED TV 43 Zoll, z.B. Samsung UE43MV6199U. 2 Displays werden jeweils Bildfl\u00e4che an Bildfl\u00e4che<\/p>\n","protected":false},"featured_media":285358,"template":"","meta":{"_acf_changed":false},"product_brand":[],"product_cat":[13676],"product_tag":[],"class_list":{"0":"post-104614","1":"product","2":"type-product","3":"status-publish","4":"has-post-thumbnail","6":"product_cat-display-monitor-en","8":"first","9":"instock","10":"taxable","11":"shipping-taxable","12":"purchasable","13":"product-type-simple"},"acf":[],"_links":{"self":[{"href":"https:\/\/megacase.com\/en\/wp-json\/wp\/v2\/product\/104614","targetHints":{"allow":["GET"]}}],"collection":[{"href":"https:\/\/megacase.com\/en\/wp-json\/wp\/v2\/product"}],"about":[{"href":"https:\/\/megacase.com\/en\/wp-json\/wp\/v2\/types\/product"}],"wp:featuredmedia":[{"embeddable":true,"href":"https:\/\/megacase.com\/en\/wp-json\/wp\/v2\/media\/285358"}],"wp:attachment":[{"href":"https:\/\/megacase.com\/en\/wp-json\/wp\/v2\/media?parent=104614"}],"wp:term":[{"taxonomy":"product_brand","embeddable":true,"href":"https:\/\/megacase.com\/en\/wp-json\/wp\/v2\/product_brand?post=104614"},{"taxonomy":"product_cat","embeddable":true,"href":"https:\/\/megacase.com\/en\/wp-json\/wp\/v2\/product_cat?post=104614"},{"taxonomy":"product_tag","embeddable":true,"href":"https:\/\/megacase.com\/en\/wp-json\/wp\/v2\/product_tag?post=104614"}],"curies":[{"name":"wp","href":"https:\/\/api.w.org\/{rel}","templated":true}]}}