{"id":80196,"date":"2017-11-28T09:21:39","date_gmt":"2017-11-28T08:21:39","guid":{"rendered":"https:\/\/megacase.com\/?post_type=product&#038;p=80196"},"modified":"2026-03-25T15:40:51","modified_gmt":"2026-03-25T14:40:51","slug":"dj-consolencase-fuer-2-plattenspieler1-mixer","status":"publish","type":"product","link":"https:\/\/megacase.com\/de\/produkt\/dj-consolencase-fuer-2-plattenspieler1-mixer\/","title":{"rendered":"DJ Consolencase f\u00fcr 2 Plattenspieler+1 Mixer"},"content":{"rendered":"<p>Bitte Modell der Plattenspieler und des Mixers im Kommentarfeld angeben.<\/p>\n<p>Ein Case f\u00fcr drei Ger\u00e4te. Eine Ma\u00dfanfertigung f\u00fcr 2 Plattenspieler und einen DJ-MIXER.<br \/>\nAuch f\u00fcr CD-Player und Battle-Mixer erh\u00e4ltlich.<br \/>\n7 mm Birkenmultiplex,<br \/>\nFarbe Phenol,<br \/>\n2 Klappgriffe,<br \/>\n4 gefederte Butterfly Verschl\u00fcsse,<br \/>\nStahlkugelecken medium,<br \/>\nGummif\u00fcsse,<br \/>\nSchaumstoff<br \/>\nDer Deckel kann komplett entfernt werden.<br \/>\nDie Ger\u00e4te k\u00f6nnen im Case bedient werden<\/p>\n","protected":false},"excerpt":{"rendered":"<p>Bitte Modell der Plattenspieler und des Mixers im Kommentarfeld angeben. Ein Case f\u00fcr drei Ger\u00e4te. Eine Ma\u00dfanfertigung f\u00fcr 2 Plattenspieler<\/p>\n","protected":false},"featured_media":80201,"template":"","meta":{"_acf_changed":false},"product_brand":[],"product_cat":[13495],"product_tag":[14152],"class_list":{"0":"post-80196","1":"product","2":"type-product","3":"status-publish","4":"has-post-thumbnail","6":"product_cat-mischpult-cases","7":"product_tag-plattenspieler","9":"first","10":"instock","11":"taxable","12":"shipping-taxable","13":"purchasable","14":"product-type-simple"},"acf":[],"_links":{"self":[{"href":"https:\/\/megacase.com\/de\/wp-json\/wp\/v2\/product\/80196","targetHints":{"allow":["GET"]}}],"collection":[{"href":"https:\/\/megacase.com\/de\/wp-json\/wp\/v2\/product"}],"about":[{"href":"https:\/\/megacase.com\/de\/wp-json\/wp\/v2\/types\/product"}],"wp:featuredmedia":[{"embeddable":true,"href":"https:\/\/megacase.com\/de\/wp-json\/wp\/v2\/media\/80201"}],"wp:attachment":[{"href":"https:\/\/megacase.com\/de\/wp-json\/wp\/v2\/media?parent=80196"}],"wp:term":[{"taxonomy":"product_brand","embeddable":true,"href":"https:\/\/megacase.com\/de\/wp-json\/wp\/v2\/product_brand?post=80196"},{"taxonomy":"product_cat","embeddable":true,"href":"https:\/\/megacase.com\/de\/wp-json\/wp\/v2\/product_cat?post=80196"},{"taxonomy":"product_tag","embeddable":true,"href":"https:\/\/megacase.com\/de\/wp-json\/wp\/v2\/product_tag?post=80196"}],"curies":[{"name":"wp","href":"https:\/\/api.w.org\/{rel}","templated":true}]}}