{"id":78500,"date":"2017-11-24T11:16:17","date_gmt":"2017-11-24T10:16:17","guid":{"rendered":"https:\/\/megacase.com\/?post_type=product&#038;p=78500"},"modified":"2026-03-25T15:40:53","modified_gmt":"2026-03-25T14:40:53","slug":"mixercase-yamaha-mg-12xu-mit-kabelauslass","status":"publish","type":"product","link":"https:\/\/megacase.com\/de\/produkt\/mixercase-yamaha-mg-12xu-mit-kabelauslass\/","title":{"rendered":"Mixercase Yamaha MG-12XU mit Kabelauslass"},"content":{"rendered":"<p>Koffer<br \/>\nHYBRIDDREHUNG!!!!,<br \/>\n7mm Birke phenol,<br \/>\n22&#215;22 Alukante,<br \/>\n2 Schnappschl\u00f6sser,<br \/>\n2 Aush\u00e4ngescharniere,<br \/>\n1 Koffergriff,<br \/>\n8 Kugelecken klein,<br \/>\n8 Gummif\u00fc\u00dfe 25&#215;11 unten+hinten,<br \/>\n1 Kabelauslass AH 87971,<br \/>\nSchaumstoff,<br \/>\nAu\u00dfenma\u00dfe ca. BxTxH 380 x 563 x 180,<br \/>\nGewicht ca 4,9kg<\/p>\n","protected":false},"excerpt":{"rendered":"<p>Koffer HYBRIDDREHUNG!!!!, 7mm Birke phenol, 22&#215;22 Alukante, 2 Schnappschl\u00f6sser, 2 Aush\u00e4ngescharniere, 1 Koffergriff, 8 Kugelecken klein, 8 Gummif\u00fc\u00dfe 25&#215;11 unten+hinten,<\/p>\n","protected":false},"featured_media":99188,"template":"","meta":{"_acf_changed":false},"product_brand":[],"product_cat":[13495],"product_tag":[],"class_list":{"0":"post-78500","1":"product","2":"type-product","3":"status-publish","4":"has-post-thumbnail","6":"product_cat-mischpult-cases","8":"first","9":"instock","10":"taxable","11":"shipping-taxable","12":"purchasable","13":"product-type-simple"},"acf":[],"_links":{"self":[{"href":"https:\/\/megacase.com\/de\/wp-json\/wp\/v2\/product\/78500","targetHints":{"allow":["GET"]}}],"collection":[{"href":"https:\/\/megacase.com\/de\/wp-json\/wp\/v2\/product"}],"about":[{"href":"https:\/\/megacase.com\/de\/wp-json\/wp\/v2\/types\/product"}],"wp:featuredmedia":[{"embeddable":true,"href":"https:\/\/megacase.com\/de\/wp-json\/wp\/v2\/media\/99188"}],"wp:attachment":[{"href":"https:\/\/megacase.com\/de\/wp-json\/wp\/v2\/media?parent=78500"}],"wp:term":[{"taxonomy":"product_brand","embeddable":true,"href":"https:\/\/megacase.com\/de\/wp-json\/wp\/v2\/product_brand?post=78500"},{"taxonomy":"product_cat","embeddable":true,"href":"https:\/\/megacase.com\/de\/wp-json\/wp\/v2\/product_cat?post=78500"},{"taxonomy":"product_tag","embeddable":true,"href":"https:\/\/megacase.com\/de\/wp-json\/wp\/v2\/product_tag?post=78500"}],"curies":[{"name":"wp","href":"https:\/\/api.w.org\/{rel}","templated":true}]}}