{"id":76946,"date":"2017-11-08T08:10:39","date_gmt":"2017-11-08T07:10:39","guid":{"rendered":"https:\/\/megacase.com\/?post_type=product&#038;p=76946"},"modified":"2026-03-25T15:28:25","modified_gmt":"2026-03-25T14:28:25","slug":"profi-double-door-amp-case-auf-rollen-2x-gebremst-mit-schaumstoffpolsterung-und-fachunterteilung","status":"publish","type":"product","link":"https:\/\/megacase.com\/de\/produkt\/profi-double-door-amp-case-auf-rollen-2x-gebremst-mit-schaumstoffpolsterung-und-fachunterteilung\/","title":{"rendered":"Profi Double Door Amp Case auf Rollen (2x gebremst) mit Schaumstoffpolsterung und Fachunterteilung"},"content":{"rendered":"<p>f\u00fcr zwei Amps mit den Ma\u00dfen von 650 x 250 x 250 mm BxTxH, dar\u00fcber eine 6HE Rackeinheit linksb\u00fcndig<br \/>\neingebaut mit Rackschienen vorne und hinten, Einbautiefe zwischen den Rackschienen von 420mm,<br \/>\nKorpustiefe ohne Decke 450mm;<br \/>\n9 mm Birkenmultiplex schwarz RAL 9004,<br \/>\n30 x 30mm Alukante,<br \/>\n8\u00a0Butterfly-Verschl\u00fcsse mittel,<br \/>\n4\u00a0Klappgriffe mittel,<br \/>\n8 Stahlkugelecken mittel,<br \/>\n4 Lenkrollen davon 2 gebremst,<br \/>\nInnenausbau,<br \/>\n6HE Rackspace links,<br \/>\nmit Rackschiene vorne und hinten,<br \/>\nSchaumstoff,<br \/>\nhergestellt in Deutschland<\/p>\n","protected":false},"excerpt":{"rendered":"<p>f\u00fcr zwei Amps mit den Ma\u00dfen von 650 x 250 x 250 mm BxTxH, dar\u00fcber eine 6HE Rackeinheit linksb\u00fcndig eingebaut<\/p>\n","protected":false},"featured_media":94344,"template":"","meta":{"_acf_changed":false},"product_brand":[],"product_cat":[13499,13594],"product_tag":[],"class_list":{"0":"post-76946","1":"product","2":"type-product","3":"status-publish","4":"has-post-thumbnail","6":"product_cat-amp-cases","7":"product_cat-cases-fuer-gitarre-bass-cases","9":"first","10":"instock","11":"taxable","12":"shipping-taxable","13":"purchasable","14":"product-type-simple"},"acf":[],"_links":{"self":[{"href":"https:\/\/megacase.com\/de\/wp-json\/wp\/v2\/product\/76946","targetHints":{"allow":["GET"]}}],"collection":[{"href":"https:\/\/megacase.com\/de\/wp-json\/wp\/v2\/product"}],"about":[{"href":"https:\/\/megacase.com\/de\/wp-json\/wp\/v2\/types\/product"}],"wp:featuredmedia":[{"embeddable":true,"href":"https:\/\/megacase.com\/de\/wp-json\/wp\/v2\/media\/94344"}],"wp:attachment":[{"href":"https:\/\/megacase.com\/de\/wp-json\/wp\/v2\/media?parent=76946"}],"wp:term":[{"taxonomy":"product_brand","embeddable":true,"href":"https:\/\/megacase.com\/de\/wp-json\/wp\/v2\/product_brand?post=76946"},{"taxonomy":"product_cat","embeddable":true,"href":"https:\/\/megacase.com\/de\/wp-json\/wp\/v2\/product_cat?post=76946"},{"taxonomy":"product_tag","embeddable":true,"href":"https:\/\/megacase.com\/de\/wp-json\/wp\/v2\/product_tag?post=76946"}],"curies":[{"name":"wp","href":"https:\/\/api.w.org\/{rel}","templated":true}]}}