{"id":76838,"date":"2017-11-06T13:20:04","date_gmt":"2017-11-06T12:20:04","guid":{"rendered":"https:\/\/megacase.com\/?post_type=product&#038;p=76838"},"modified":"2026-03-25T15:28:27","modified_gmt":"2026-03-25T14:28:27","slug":"dj-consolencase-2-plx-500-djm-800","status":"publish","type":"product","link":"https:\/\/megacase.com\/de\/produkt\/dj-consolencase-2-plx-500-djm-800\/","title":{"rendered":"DJ Consolencase 2 PLX 500 + DJM-800 schwarz RAL 9004"},"content":{"rendered":"<div style=\"margin: 10px 5px 5px 10px; border-left: #c3d9e5 2px solid; padding: 10px 0px 10px 10px;\">\n<div>\n<div>\n<div>Schlitten \u00fcber ganze Casebreite dar\u00fcber<\/div>\n<div>Tiefe genug das er 2 CDJ 2000 aufnehmen kann<\/div>\n<div>PLX Standardm\u00e4\u00dfig positioniert (keine Battle Position)<\/div>\n<div>Koffer<br \/>\n7 mm Birke schwarz RAL 9004,<br \/>\n25 x 25 mm Aluprofil,<br \/>\n4 x Butterfly mittel,<br \/>\n3 x Klappgriffe mittel,<br \/>\n8 x Stahlkugelecken,<br \/>\n2 Eckeinbaurollen Skater,<br \/>\n4 x Gummif\u00fc\u00dfe 38 x 25<br \/>\nLaptopschlitten,<br \/>\nSchaumstoff,<br \/>\nInnenausbau<\/div>\n<\/div>\n<\/div>\n<\/div>\n","protected":false},"excerpt":{"rendered":"<p>Schlitten \u00fcber ganze Casebreite dar\u00fcber Tiefe genug das er 2 CDJ 2000 aufnehmen kann PLX Standardm\u00e4\u00dfig positioniert (keine Battle Position)<\/p>\n","protected":false},"featured_media":96851,"template":"","meta":{"_acf_changed":false},"product_brand":[],"product_cat":[13493],"product_tag":[],"class_list":{"0":"post-76838","1":"product","2":"type-product","3":"status-publish","4":"has-post-thumbnail","6":"product_cat-dj-equipment-cases","8":"first","9":"instock","10":"taxable","11":"shipping-taxable","12":"purchasable","13":"product-type-simple"},"acf":[],"_links":{"self":[{"href":"https:\/\/megacase.com\/de\/wp-json\/wp\/v2\/product\/76838","targetHints":{"allow":["GET"]}}],"collection":[{"href":"https:\/\/megacase.com\/de\/wp-json\/wp\/v2\/product"}],"about":[{"href":"https:\/\/megacase.com\/de\/wp-json\/wp\/v2\/types\/product"}],"wp:featuredmedia":[{"embeddable":true,"href":"https:\/\/megacase.com\/de\/wp-json\/wp\/v2\/media\/96851"}],"wp:attachment":[{"href":"https:\/\/megacase.com\/de\/wp-json\/wp\/v2\/media?parent=76838"}],"wp:term":[{"taxonomy":"product_brand","embeddable":true,"href":"https:\/\/megacase.com\/de\/wp-json\/wp\/v2\/product_brand?post=76838"},{"taxonomy":"product_cat","embeddable":true,"href":"https:\/\/megacase.com\/de\/wp-json\/wp\/v2\/product_cat?post=76838"},{"taxonomy":"product_tag","embeddable":true,"href":"https:\/\/megacase.com\/de\/wp-json\/wp\/v2\/product_tag?post=76838"}],"curies":[{"name":"wp","href":"https:\/\/api.w.org\/{rel}","templated":true}]}}