{"id":76598,"date":"2017-11-03T06:32:00","date_gmt":"2017-11-03T05:32:00","guid":{"rendered":"https:\/\/megacase.com\/?post_type=product&#038;p=76598"},"modified":"2026-03-25T15:28:27","modified_gmt":"2026-03-25T14:28:27","slug":"photo-box-weiss-590-x-460-x-725-bxtxh","status":"publish","type":"product","link":"https:\/\/megacase.com\/de\/produkt\/photo-box-weiss-590-x-460-x-725-bxtxh\/","title":{"rendered":"Photo-Box wei\u00df 590 x 460 x 725 BxTxH"},"content":{"rendered":"<p>7mm Birke wei\u00df beschichtet,<br \/>\n22 x22mm Alukante,<br \/>\n2 kleine Butterfly-Verschl\u00fc\u00dfe,<br \/>\nL Ecke Std,<br \/>\n2 Scharniere 6-loch,<br \/>\nflache Stahlecken,<br \/>\nGummif\u00fc\u00dfe (25x11mm),<br \/>\nAuschnitte f\u00fcr Kamera und Bildschirm,<\/p>\n","protected":false},"excerpt":{"rendered":"<p>7mm Birke wei\u00df beschichtet, 22 x22mm Alukante, 2 kleine Butterfly-Verschl\u00fc\u00dfe, L Ecke Std, 2 Scharniere 6-loch, flache Stahlecken, Gummif\u00fc\u00dfe (25x11mm),<\/p>\n","protected":false},"featured_media":91719,"template":"","meta":{"_acf_changed":false},"product_brand":[],"product_cat":[13565],"product_tag":[13624],"class_list":{"0":"post-76598","1":"product","2":"type-product","3":"status-publish","4":"has-post-thumbnail","6":"product_cat-catering-und-event-cases","7":"product_tag-photobox","9":"first","10":"instock","11":"taxable","12":"shipping-taxable","13":"purchasable","14":"product-type-simple"},"acf":[],"_links":{"self":[{"href":"https:\/\/megacase.com\/de\/wp-json\/wp\/v2\/product\/76598","targetHints":{"allow":["GET"]}}],"collection":[{"href":"https:\/\/megacase.com\/de\/wp-json\/wp\/v2\/product"}],"about":[{"href":"https:\/\/megacase.com\/de\/wp-json\/wp\/v2\/types\/product"}],"wp:featuredmedia":[{"embeddable":true,"href":"https:\/\/megacase.com\/de\/wp-json\/wp\/v2\/media\/91719"}],"wp:attachment":[{"href":"https:\/\/megacase.com\/de\/wp-json\/wp\/v2\/media?parent=76598"}],"wp:term":[{"taxonomy":"product_brand","embeddable":true,"href":"https:\/\/megacase.com\/de\/wp-json\/wp\/v2\/product_brand?post=76598"},{"taxonomy":"product_cat","embeddable":true,"href":"https:\/\/megacase.com\/de\/wp-json\/wp\/v2\/product_cat?post=76598"},{"taxonomy":"product_tag","embeddable":true,"href":"https:\/\/megacase.com\/de\/wp-json\/wp\/v2\/product_tag?post=76598"}],"curies":[{"name":"wp","href":"https:\/\/api.w.org\/{rel}","templated":true}]}}