{"id":75349,"date":"2017-10-17T08:53:07","date_gmt":"2017-10-17T06:53:07","guid":{"rendered":"https:\/\/megacase.com\/?post_type=product&#038;p=75349"},"modified":"2026-03-25T15:28:30","modified_gmt":"2026-03-25T14:28:30","slug":"klappgriff-medium-gefedert-8mm-schale","status":"publish","type":"product","link":"https:\/\/megacase.com\/de\/produkt\/klappgriff-medium-gefedert-8mm-schale\/","title":{"rendered":"Klappgriff medium gefedert 8mm Schale"},"content":{"rendered":"<p>Klappgriff gefedert in 8 mm tiefer Einbauschale. Stahl<br \/>\nverzinkt mit verst\u00e4rkter Montageplatte, verbreiterter B\u00fcgel<br \/>\nmit schwarzem PVC-Griff.<br \/>\nBefestigungsl\u00f6cher: 5,1 mm<\/p>\n<p>Gewicht ca. 348g\/St\u00fcck<\/p>\n","protected":false},"excerpt":{"rendered":"<p>Klappgriff gefedert in 8 mm tiefer Einbauschale. Stahl verzinkt mit verst\u00e4rkter Montageplatte, verbreiterter B\u00fcgel mit schwarzem PVC-Griff. Befestigungsl\u00f6cher: 5,1 mm<\/p>\n","protected":false},"featured_media":75372,"template":"","meta":{"_acf_changed":false},"product_brand":[],"product_cat":[13513],"product_tag":[],"class_list":{"0":"post-75349","1":"product","2":"type-product","3":"status-publish","4":"has-post-thumbnail","6":"product_cat-zubehoer-rack","8":"first","9":"instock","10":"taxable","11":"shipping-taxable","12":"purchasable","13":"product-type-simple"},"acf":[],"_links":{"self":[{"href":"https:\/\/megacase.com\/de\/wp-json\/wp\/v2\/product\/75349","targetHints":{"allow":["GET"]}}],"collection":[{"href":"https:\/\/megacase.com\/de\/wp-json\/wp\/v2\/product"}],"about":[{"href":"https:\/\/megacase.com\/de\/wp-json\/wp\/v2\/types\/product"}],"wp:featuredmedia":[{"embeddable":true,"href":"https:\/\/megacase.com\/de\/wp-json\/wp\/v2\/media\/75372"}],"wp:attachment":[{"href":"https:\/\/megacase.com\/de\/wp-json\/wp\/v2\/media?parent=75349"}],"wp:term":[{"taxonomy":"product_brand","embeddable":true,"href":"https:\/\/megacase.com\/de\/wp-json\/wp\/v2\/product_brand?post=75349"},{"taxonomy":"product_cat","embeddable":true,"href":"https:\/\/megacase.com\/de\/wp-json\/wp\/v2\/product_cat?post=75349"},{"taxonomy":"product_tag","embeddable":true,"href":"https:\/\/megacase.com\/de\/wp-json\/wp\/v2\/product_tag?post=75349"}],"curies":[{"name":"wp","href":"https:\/\/api.w.org\/{rel}","templated":true}]}}