{"id":75279,"date":"2017-10-16T13:56:09","date_gmt":"2017-10-16T11:56:09","guid":{"rendered":"https:\/\/megacase.com\/?post_type=product&#038;p=75279"},"modified":"2026-03-25T15:28:31","modified_gmt":"2026-03-25T14:28:31","slug":"26he-heavy-shockmount-rack-90-auf-rollen","status":"publish","type":"product","link":"https:\/\/megacase.com\/de\/produkt\/26he-heavy-shockmount-rack-90-auf-rollen\/","title":{"rendered":"26HE Heavy Shockmount Rack 90 auf Rollen"},"content":{"rendered":"<p>26HE Heavy Shockmount Rack auf Schwerlastrollen (2x gebremst) ,<br \/>\nmit einer Einbautiefe von 900 mm,<br \/>\nCase mit digitalen Foliendruck branding gesch\u00fctzt durch ein Fu\u00dfbodenlaminat;<br \/>\n9 mm Birkenmultiplex,<br \/>\n35 x 35 mm Alukante,<br \/>\nIT Rackschiene vorne und hinten,<br \/>\nRackschienen schwingend gelagert (AH)<br \/>\n8 gro\u00dfe gefederte Butterfly-Verschl\u00fc\u00dfe mit \u00d6se f\u00fcr Vorh\u00e4ngeschlo\u00df,<br \/>\n4 Klappgriffe auf Position von Bestellung 3342,<br \/>\n4 Kantengriffe, 8 Stahlkugelecken,<br \/>\nhergestellt in Deutschland<br \/>\nAu\u00dfenma\u00dfe: BxTxH 620 x 1150 x 1430 mm,<br \/>\nGewicht: ca. 73 kg<\/p>\n","protected":false},"excerpt":{"rendered":"<p>26HE Heavy Shockmount Rack auf Schwerlastrollen (2x gebremst) , mit einer Einbautiefe von 900 mm, Case mit digitalen Foliendruck branding<\/p>\n","protected":false},"featured_media":75280,"template":"","meta":{"_acf_changed":false},"product_brand":[],"product_cat":[13510,13576],"product_tag":[14027],"class_list":{"0":"post-75279","1":"product","2":"type-product","3":"status-publish","4":"has-post-thumbnail","6":"product_cat-racks","7":"product_cat-cases-fuer-computer-und-zubehoer","8":"product_tag-shockmount","10":"first","11":"instock","12":"taxable","13":"shipping-taxable","14":"purchasable","15":"product-type-simple"},"acf":[],"_links":{"self":[{"href":"https:\/\/megacase.com\/de\/wp-json\/wp\/v2\/product\/75279","targetHints":{"allow":["GET"]}}],"collection":[{"href":"https:\/\/megacase.com\/de\/wp-json\/wp\/v2\/product"}],"about":[{"href":"https:\/\/megacase.com\/de\/wp-json\/wp\/v2\/types\/product"}],"wp:featuredmedia":[{"embeddable":true,"href":"https:\/\/megacase.com\/de\/wp-json\/wp\/v2\/media\/75280"}],"wp:attachment":[{"href":"https:\/\/megacase.com\/de\/wp-json\/wp\/v2\/media?parent=75279"}],"wp:term":[{"taxonomy":"product_brand","embeddable":true,"href":"https:\/\/megacase.com\/de\/wp-json\/wp\/v2\/product_brand?post=75279"},{"taxonomy":"product_cat","embeddable":true,"href":"https:\/\/megacase.com\/de\/wp-json\/wp\/v2\/product_cat?post=75279"},{"taxonomy":"product_tag","embeddable":true,"href":"https:\/\/megacase.com\/de\/wp-json\/wp\/v2\/product_tag?post=75279"}],"curies":[{"name":"wp","href":"https:\/\/api.w.org\/{rel}","templated":true}]}}