{"id":73615,"date":"2017-10-05T09:43:50","date_gmt":"2017-10-05T07:43:50","guid":{"rendered":"https:\/\/megacase.com\/?post_type=product&#038;p=73615"},"modified":"2026-03-25T15:28:33","modified_gmt":"2026-03-25T14:28:33","slug":"truhencase-800x540x400-mm-bxtxh","status":"publish","type":"product","link":"https:\/\/megacase.com\/de\/produkt\/truhencase-800x540x400-mm-bxtxh\/","title":{"rendered":"Truhencase 800x540x400 mm BxTxH"},"content":{"rendered":"<p>Truhe,<br \/>\n7mm Birke alu stucco,<br \/>\n30\/30 Alukante,<br \/>\n2x Butterfly mittel mit \u00d6se f\u00fcr Vorh\u00e4ngeschloss,<br \/>\n2x Feststellscharnier,<br \/>\n8x Klappgriff,<br \/>\n4x Kugelecke medium,<br \/>\n4x Kugelecke mit integrierter L-Ecke medium,<br \/>\nohne Schaumstoffpolsterung,<br \/>\n4x Lenkrolle (2xgebremst)<\/p>\n","protected":false},"excerpt":{"rendered":"<p>Truhe, 7mm Birke alu stucco, 30\/30 Alukante, 2x Butterfly mittel mit \u00d6se f\u00fcr Vorh\u00e4ngeschloss, 2x Feststellscharnier, 8x Klappgriff, 4x Kugelecke<\/p>\n","protected":false},"featured_media":73616,"template":"","meta":{"_acf_changed":false},"product_brand":[],"product_cat":[13509,13512],"product_tag":[],"class_list":{"0":"post-73615","1":"product","2":"type-product","3":"status-publish","4":"has-post-thumbnail","6":"product_cat-truhen-cases","7":"product_cat-case-zubehoer","9":"first","10":"instock","11":"taxable","12":"shipping-taxable","13":"purchasable","14":"product-type-simple"},"acf":[],"_links":{"self":[{"href":"https:\/\/megacase.com\/de\/wp-json\/wp\/v2\/product\/73615","targetHints":{"allow":["GET"]}}],"collection":[{"href":"https:\/\/megacase.com\/de\/wp-json\/wp\/v2\/product"}],"about":[{"href":"https:\/\/megacase.com\/de\/wp-json\/wp\/v2\/types\/product"}],"wp:featuredmedia":[{"embeddable":true,"href":"https:\/\/megacase.com\/de\/wp-json\/wp\/v2\/media\/73616"}],"wp:attachment":[{"href":"https:\/\/megacase.com\/de\/wp-json\/wp\/v2\/media?parent=73615"}],"wp:term":[{"taxonomy":"product_brand","embeddable":true,"href":"https:\/\/megacase.com\/de\/wp-json\/wp\/v2\/product_brand?post=73615"},{"taxonomy":"product_cat","embeddable":true,"href":"https:\/\/megacase.com\/de\/wp-json\/wp\/v2\/product_cat?post=73615"},{"taxonomy":"product_tag","embeddable":true,"href":"https:\/\/megacase.com\/de\/wp-json\/wp\/v2\/product_tag?post=73615"}],"curies":[{"name":"wp","href":"https:\/\/api.w.org\/{rel}","templated":true}]}}