{"id":72588,"date":"2017-09-19T14:27:15","date_gmt":"2017-09-19T12:27:15","guid":{"rendered":"https:\/\/megacase.com\/?post_type=product&#038;p=72588\/"},"modified":"2026-03-25T15:28:37","modified_gmt":"2026-03-25T14:28:37","slug":"koffercase-590x400x220-bxtxh","status":"publish","type":"product","link":"https:\/\/megacase.com\/de\/produkt\/koffercase-590x400x220-bxtxh\/","title":{"rendered":"Koffercase 590x400x220 BxTxH"},"content":{"rendered":"<p>Koffer Case mit den Innenma\u00dfen von 590 x 400 x 220 mm BxTxH,<br \/>\nDeckel 105 mm, Unterteil 115 mm Innenh\u00f6he,<br \/>\n7mm Birkenmultiplex phenolharz beschichtet,<br \/>\n25 x 25 mm Alukante,<br \/>\n2 gefederte Butterfly-Verschl\u00fcsse mit \u00d6se f\u00fcr ein Vorh\u00e4ngeschloss,<br \/>\n1 Klappgriffe,<br \/>\n8 Stahlkugelecken mittel,<br \/>\nhergestellt in Deutschland<\/p>\n","protected":false},"excerpt":{"rendered":"<p>Koffer Case mit den Innenma\u00dfen von 590 x 400 x 220 mm BxTxH, Deckel 105 mm, Unterteil 115 mm Innenh\u00f6he,<\/p>\n","protected":false},"featured_media":74540,"template":"","meta":{"_acf_changed":false},"product_brand":[],"product_cat":[13508,13509,13513],"product_tag":[],"class_list":{"0":"post-72588","1":"product","2":"type-product","3":"status-publish","4":"has-post-thumbnail","6":"product_cat-universal-flightcases","7":"product_cat-truhen-cases","8":"product_cat-zubehoer-rack","10":"first","11":"instock","12":"taxable","13":"shipping-taxable","14":"purchasable","15":"product-type-simple"},"acf":[],"_links":{"self":[{"href":"https:\/\/megacase.com\/de\/wp-json\/wp\/v2\/product\/72588","targetHints":{"allow":["GET"]}}],"collection":[{"href":"https:\/\/megacase.com\/de\/wp-json\/wp\/v2\/product"}],"about":[{"href":"https:\/\/megacase.com\/de\/wp-json\/wp\/v2\/types\/product"}],"wp:featuredmedia":[{"embeddable":true,"href":"https:\/\/megacase.com\/de\/wp-json\/wp\/v2\/media\/74540"}],"wp:attachment":[{"href":"https:\/\/megacase.com\/de\/wp-json\/wp\/v2\/media?parent=72588"}],"wp:term":[{"taxonomy":"product_brand","embeddable":true,"href":"https:\/\/megacase.com\/de\/wp-json\/wp\/v2\/product_brand?post=72588"},{"taxonomy":"product_cat","embeddable":true,"href":"https:\/\/megacase.com\/de\/wp-json\/wp\/v2\/product_cat?post=72588"},{"taxonomy":"product_tag","embeddable":true,"href":"https:\/\/megacase.com\/de\/wp-json\/wp\/v2\/product_tag?post=72588"}],"curies":[{"name":"wp","href":"https:\/\/api.w.org\/{rel}","templated":true}]}}