{"id":71246,"date":"2017-08-30T11:46:54","date_gmt":"2017-08-30T09:46:54","guid":{"rendered":"https:\/\/megacase.com\/?post_type=product&#038;p=71246\/"},"modified":"2026-03-25T15:28:45","modified_gmt":"2026-03-25T14:28:45","slug":"mixercase-samson-l-2000","status":"publish","type":"product","link":"https:\/\/megacase.com\/de\/produkt\/mixercase-samson-l-2000\/","title":{"rendered":"Mixercase Samson L 2000"},"content":{"rendered":"<p>ma\u00dfgefertigtes Haubencase f\u00fcr Samson L 2000<br \/>\naus 7mm Birkenmultiplex,<br \/>\n30x30mm Alukante,<br \/>\nSchaumstoffpolsterung,<br \/>\n4 gefederte Butterfly-Verschl\u00fc\u00dfe medium,<br \/>\n1 Riemengriff vorne,<br \/>\nGummif\u00fc\u00dfe,<br \/>\nStahlkugelecken,<br \/>\nhergestellt in Deutschland<\/p>\n","protected":false},"excerpt":{"rendered":"<p>ma\u00dfgefertigtes Haubencase f\u00fcr Samson L 2000 aus 7mm Birkenmultiplex, 30x30mm Alukante, Schaumstoffpolsterung, 4 gefederte Butterfly-Verschl\u00fc\u00dfe medium, 1 Riemengriff vorne, Gummif\u00fc\u00dfe,<\/p>\n","protected":false},"featured_media":71247,"template":"","meta":{"_acf_changed":false},"product_brand":[],"product_cat":[13626,13981],"product_tag":[],"class_list":{"0":"post-71246","1":"product","2":"type-product","3":"status-publish","4":"has-post-thumbnail","6":"product_cat-haubencase","7":"product_cat-unkategorisiert","9":"first","10":"instock","11":"taxable","12":"shipping-taxable","13":"purchasable","14":"product-type-simple"},"acf":[],"_links":{"self":[{"href":"https:\/\/megacase.com\/de\/wp-json\/wp\/v2\/product\/71246","targetHints":{"allow":["GET"]}}],"collection":[{"href":"https:\/\/megacase.com\/de\/wp-json\/wp\/v2\/product"}],"about":[{"href":"https:\/\/megacase.com\/de\/wp-json\/wp\/v2\/types\/product"}],"wp:featuredmedia":[{"embeddable":true,"href":"https:\/\/megacase.com\/de\/wp-json\/wp\/v2\/media\/71247"}],"wp:attachment":[{"href":"https:\/\/megacase.com\/de\/wp-json\/wp\/v2\/media?parent=71246"}],"wp:term":[{"taxonomy":"product_brand","embeddable":true,"href":"https:\/\/megacase.com\/de\/wp-json\/wp\/v2\/product_brand?post=71246"},{"taxonomy":"product_cat","embeddable":true,"href":"https:\/\/megacase.com\/de\/wp-json\/wp\/v2\/product_cat?post=71246"},{"taxonomy":"product_tag","embeddable":true,"href":"https:\/\/megacase.com\/de\/wp-json\/wp\/v2\/product_tag?post=71246"}],"curies":[{"name":"wp","href":"https:\/\/api.w.org\/{rel}","templated":true}]}}