{"id":70747,"date":"2017-08-21T10:04:05","date_gmt":"2017-08-21T08:04:05","guid":{"rendered":"https:\/\/megacase.com\/?post_type=product&#038;p=70747\/"},"modified":"2026-03-25T15:28:49","modified_gmt":"2026-03-25T14:28:49","slug":"pedalcase-farbe-860x470x150-mm-bxtxh","status":"publish","type":"product","link":"https:\/\/megacase.com\/de\/produkt\/pedalcase-farbe-860x470x150-mm-bxtxh\/","title":{"rendered":"Pedalcase Farbe 860x470x160 mm BxTxH"},"content":{"rendered":"<p>Pedalcase bestehend aus beschichteten Birkenmultiplex:<br \/>\nFarbe frei w\u00e4hlbar &#8211; Bitte im Feld <em>Bestellnotiz<\/em> die gew\u00fcnschte Farbe angeben.<br \/>\nInnenma\u00df 860 x 470 x 160 mm BxTxH mit einem gefilzten Montagebrett;<br \/>\n7mm Birkenmultiplex farbig beschichtet,<br \/>\n22 x 22 mm Alukante,<br \/>\nSchaumstoffpolsterung,<br \/>\n4 Gummif\u00fc\u00dfe 38 x 10 mm,<br \/>\n4 gefederte Butterfly-Verschl\u00fc\u00dfe klein,<br \/>\n1 Ledergriff,<br \/>\n2 Klappgriffe,<br \/>\n8 Stahlkugelecken,<br \/>\nhergestellt in Deutschland<\/p>\n<p>Abb. zeigt Case in schwarz<\/p>\n","protected":false},"excerpt":{"rendered":"<p>Pedalcase bestehend aus beschichteten Birkenmultiplex: Farbe frei w\u00e4hlbar &#8211; Bitte im Feld Bestellnotiz die gew\u00fcnschte Farbe angeben. Innenma\u00df 860 x<\/p>\n","protected":false},"featured_media":70757,"template":"","meta":{"_acf_changed":false},"product_brand":[],"product_cat":[13579,13594],"product_tag":[],"class_list":{"0":"post-70747","1":"product","2":"type-product","3":"status-publish","4":"has-post-thumbnail","6":"product_cat-audio-cases","7":"product_cat-cases-fuer-gitarre-bass-cases","9":"first","10":"instock","11":"taxable","12":"shipping-taxable","13":"purchasable","14":"product-type-simple"},"acf":[],"_links":{"self":[{"href":"https:\/\/megacase.com\/de\/wp-json\/wp\/v2\/product\/70747","targetHints":{"allow":["GET"]}}],"collection":[{"href":"https:\/\/megacase.com\/de\/wp-json\/wp\/v2\/product"}],"about":[{"href":"https:\/\/megacase.com\/de\/wp-json\/wp\/v2\/types\/product"}],"wp:featuredmedia":[{"embeddable":true,"href":"https:\/\/megacase.com\/de\/wp-json\/wp\/v2\/media\/70757"}],"wp:attachment":[{"href":"https:\/\/megacase.com\/de\/wp-json\/wp\/v2\/media?parent=70747"}],"wp:term":[{"taxonomy":"product_brand","embeddable":true,"href":"https:\/\/megacase.com\/de\/wp-json\/wp\/v2\/product_brand?post=70747"},{"taxonomy":"product_cat","embeddable":true,"href":"https:\/\/megacase.com\/de\/wp-json\/wp\/v2\/product_cat?post=70747"},{"taxonomy":"product_tag","embeddable":true,"href":"https:\/\/megacase.com\/de\/wp-json\/wp\/v2\/product_tag?post=70747"}],"curies":[{"name":"wp","href":"https:\/\/api.w.org\/{rel}","templated":true}]}}