{"id":69544,"date":"2017-08-02T15:15:15","date_gmt":"2017-08-02T13:15:15","guid":{"rendered":"https:\/\/megacase.com\/?post_type=product&#038;p=69544\/"},"modified":"2026-03-25T15:28:52","modified_gmt":"2026-03-25T14:28:52","slug":"winkelflightcase-fuer-mobilen-arbeitsplatz-mit-tischplatte","status":"publish","type":"product","link":"https:\/\/megacase.com\/de\/produkt\/winkelflightcase-fuer-mobilen-arbeitsplatz-mit-tischplatte\/","title":{"rendered":"Workstation 1200x600x1070"},"content":{"rendered":"<p>Winkelflightcase f\u00fcr mobilen Arbeitsplatz mit Tischplatte und 2 gr\u00f6\u00dfen Schubladen Ausz\u00fcgen.<br \/>\nDarunter befinden sich 2 x 6HE Rackschienen f\u00fcr 19&#8243; Einheiten. Der Befestigungs Schraubenasatz wird mitgeliefert.<br \/>\n2 VESA Aufnahmen im Deckel<br \/>\n2 Schubladen und 19&#8243; Einheiten darunter<br \/>\nAussenma\u00dfe ca. 1200x600x1070mm<br \/>\nKabelf\u00fchrungen<br \/>\n9 mm Birkenmultiplex phenolharz beschichtet<br \/>\nFarbe: braun<br \/>\n30&#215;30 mm Alukante<br \/>\n6 Butterfly mittel mit \u00d6se<br \/>\n2 Deckelfeststeller mittel<br \/>\n1 Gasdruckd\u00e4mpfer<br \/>\n4 Klappgriff mittel<br \/>\n8 Kugelecke gro\u00df<br \/>\nSchaumstoffpolsterung<br \/>\n2 Serviceklappe<br \/>\n4 Lenkrolle (2 gebremst)<br \/>\nInnenausbau<br \/>\nAu\u00dfenma\u00dfe: BxTxH 1200x600x1070 mm<br \/>\nGewicht: 93,8 kg<\/p>\n","protected":false},"excerpt":{"rendered":"<p>Winkelflightcase f\u00fcr mobilen Arbeitsplatz mit Tischplatte und 2 gr\u00f6\u00dfen Schubladen Ausz\u00fcgen. Darunter befinden sich 2 x 6HE Rackschienen f\u00fcr 19&#8243;<\/p>\n","protected":false},"featured_media":118336,"template":"","meta":{"_acf_changed":false},"product_brand":[],"product_cat":[13508],"product_tag":[],"class_list":{"0":"post-69544","1":"product","2":"type-product","3":"status-publish","4":"has-post-thumbnail","6":"product_cat-universal-flightcases","8":"first","9":"instock","10":"taxable","11":"shipping-taxable","12":"purchasable","13":"product-type-simple"},"acf":[],"_links":{"self":[{"href":"https:\/\/megacase.com\/de\/wp-json\/wp\/v2\/product\/69544","targetHints":{"allow":["GET"]}}],"collection":[{"href":"https:\/\/megacase.com\/de\/wp-json\/wp\/v2\/product"}],"about":[{"href":"https:\/\/megacase.com\/de\/wp-json\/wp\/v2\/types\/product"}],"wp:featuredmedia":[{"embeddable":true,"href":"https:\/\/megacase.com\/de\/wp-json\/wp\/v2\/media\/118336"}],"wp:attachment":[{"href":"https:\/\/megacase.com\/de\/wp-json\/wp\/v2\/media?parent=69544"}],"wp:term":[{"taxonomy":"product_brand","embeddable":true,"href":"https:\/\/megacase.com\/de\/wp-json\/wp\/v2\/product_brand?post=69544"},{"taxonomy":"product_cat","embeddable":true,"href":"https:\/\/megacase.com\/de\/wp-json\/wp\/v2\/product_cat?post=69544"},{"taxonomy":"product_tag","embeddable":true,"href":"https:\/\/megacase.com\/de\/wp-json\/wp\/v2\/product_tag?post=69544"}],"curies":[{"name":"wp","href":"https:\/\/api.w.org\/{rel}","templated":true}]}}