{"id":63786,"date":"2017-06-01T14:56:02","date_gmt":"2017-06-01T12:56:02","guid":{"rendered":"https:\/\/megacase.com\/?post_type=product&#038;p=63786\/"},"modified":"2026-03-25T15:33:06","modified_gmt":"2026-03-25T14:33:06","slug":"rollbrett-abnehmbar-fuer-profi-rack-mit-400mm-einbautiefe","status":"publish","type":"product","link":"https:\/\/megacase.com\/de\/produkt\/rollbrett-abnehmbar-fuer-profi-rack-mit-400mm-einbautiefe\/","title":{"rendered":"Rollbrett abnehmbar f\u00fcr Profi Rack mit 400mm Einbautiefe"},"content":{"rendered":"<p>aus 18mm Birkenmultiplex schwarz lackiert<br \/>\nKanten gefast<br \/>\nzwei Taschenfr\u00e4sungen f\u00fcr Rutschleisten<br \/>\n2 Winkellaschen f\u00fcr Oberlatch-Verschl\u00fc\u00dfe<br \/>\npassend f\u00fcr Profi Double Door Racks<br \/>\nmit einer Einbautiefe von 400mm<\/p>\n","protected":false},"excerpt":{"rendered":"<p>aus 18mm Birkenmultiplex schwarz lackiert Kanten gefast zwei Taschenfr\u00e4sungen f\u00fcr Rutschleisten 2 Winkellaschen f\u00fcr Oberlatch-Verschl\u00fc\u00dfe passend f\u00fcr Profi Double Door<\/p>\n","protected":false},"featured_media":0,"template":"","meta":{"_acf_changed":false},"product_brand":[],"product_cat":[13513],"product_tag":[],"class_list":{"0":"post-63786","1":"product","2":"type-product","3":"status-publish","5":"product_cat-zubehoer-rack","7":"first","8":"instock","9":"taxable","10":"shipping-taxable","11":"purchasable","12":"product-type-simple"},"acf":[],"_links":{"self":[{"href":"https:\/\/megacase.com\/de\/wp-json\/wp\/v2\/product\/63786","targetHints":{"allow":["GET"]}}],"collection":[{"href":"https:\/\/megacase.com\/de\/wp-json\/wp\/v2\/product"}],"about":[{"href":"https:\/\/megacase.com\/de\/wp-json\/wp\/v2\/types\/product"}],"wp:attachment":[{"href":"https:\/\/megacase.com\/de\/wp-json\/wp\/v2\/media?parent=63786"}],"wp:term":[{"taxonomy":"product_brand","embeddable":true,"href":"https:\/\/megacase.com\/de\/wp-json\/wp\/v2\/product_brand?post=63786"},{"taxonomy":"product_cat","embeddable":true,"href":"https:\/\/megacase.com\/de\/wp-json\/wp\/v2\/product_cat?post=63786"},{"taxonomy":"product_tag","embeddable":true,"href":"https:\/\/megacase.com\/de\/wp-json\/wp\/v2\/product_tag?post=63786"}],"curies":[{"name":"wp","href":"https:\/\/api.w.org\/{rel}","templated":true}]}}