{"id":63450,"date":"2017-05-29T14:50:37","date_gmt":"2017-05-29T12:50:37","guid":{"rendered":"https:\/\/megacase.com\/?post_type=product&#038;p=63450\/"},"modified":"2026-03-25T15:19:43","modified_gmt":"2026-03-25T14:19:43","slug":"zubehoercase-auf-rollen-800x650x750-bxtxh","status":"publish","type":"product","link":"https:\/\/megacase.com\/de\/produkt\/zubehoercase-auf-rollen-800x650x750-bxtxh\/","title":{"rendered":"Zubeh\u00f6rcase auf Rollen 800x650x750 BxTxH"},"content":{"rendered":"<p>Zubeh\u00f6rtruhe mit den Innenma\u00dfen von 800 x 650 x 750mm auf 4 Lenkrollen davon 2 gebremst. Verschl\u00fcsse sind mit \u00d6sen ausgestattet, dadurch ist es m\u00f6glich das Case mit einem Vorh\u00e4ngeschloss zu verschlie\u00dfen.<br \/>\nTruhe<br \/>\n7mm Birkenmultiplex\u00a0 phenolharz beschichtet,<br \/>\n30x30mm Alukante,<br \/>\n2 Butterflys mittel mit \u00d6se,<br \/>\n4 Klappgriffe mittel,<br \/>\n2 Feststellscharniere gro\u00df,<br \/>\n8 Kugelecken mittel,<br \/>\n4 Lenkrollen davon 2 gebremst,<br \/>\nhergestellt in Deutschland,<br \/>\nAu\u00dfenma\u00dfe: BxTxH 845x693x934 mm,<br \/>\nGewicht: 27,4 kg<\/p>\n","protected":false},"excerpt":{"rendered":"<p>Zubeh\u00f6rtruhe mit den Innenma\u00dfen von 800 x 650 x 750mm auf 4 Lenkrollen davon 2 gebremst. Verschl\u00fcsse sind mit \u00d6sen<\/p>\n","protected":false},"featured_media":65677,"template":"","meta":{"_acf_changed":false},"product_brand":[],"product_cat":[13512],"product_tag":[],"class_list":{"0":"post-63450","1":"product","2":"type-product","3":"status-publish","4":"has-post-thumbnail","6":"product_cat-case-zubehoer","8":"first","9":"instock","10":"taxable","11":"shipping-taxable","12":"purchasable","13":"product-type-simple"},"acf":[],"_links":{"self":[{"href":"https:\/\/megacase.com\/de\/wp-json\/wp\/v2\/product\/63450","targetHints":{"allow":["GET"]}}],"collection":[{"href":"https:\/\/megacase.com\/de\/wp-json\/wp\/v2\/product"}],"about":[{"href":"https:\/\/megacase.com\/de\/wp-json\/wp\/v2\/types\/product"}],"wp:featuredmedia":[{"embeddable":true,"href":"https:\/\/megacase.com\/de\/wp-json\/wp\/v2\/media\/65677"}],"wp:attachment":[{"href":"https:\/\/megacase.com\/de\/wp-json\/wp\/v2\/media?parent=63450"}],"wp:term":[{"taxonomy":"product_brand","embeddable":true,"href":"https:\/\/megacase.com\/de\/wp-json\/wp\/v2\/product_brand?post=63450"},{"taxonomy":"product_cat","embeddable":true,"href":"https:\/\/megacase.com\/de\/wp-json\/wp\/v2\/product_cat?post=63450"},{"taxonomy":"product_tag","embeddable":true,"href":"https:\/\/megacase.com\/de\/wp-json\/wp\/v2\/product_tag?post=63450"}],"curies":[{"name":"wp","href":"https:\/\/api.w.org\/{rel}","templated":true}]}}