{"id":63351,"date":"2017-05-26T15:51:51","date_gmt":"2017-05-26T13:51:51","guid":{"rendered":"https:\/\/megacase.com\/?post_type=product&#038;p=63351\/"},"modified":"2026-03-25T15:19:43","modified_gmt":"2026-03-25T14:19:43","slug":"schaumstoffkloetze-fuer-mikrofonholzkiste-fuer-case-art-4714","status":"publish","type":"product","link":"https:\/\/megacase.com\/de\/produkt\/schaumstoffkloetze-fuer-mikrofonholzkiste-fuer-case-art-4714\/","title":{"rendered":"Schaumstoffkl\u00f6tze f\u00fcr Mikrofonholzkiste f\u00fcr Case Art. 4714"},"content":{"rendered":"<blockquote cite=\"mid:0000C162.592833BD@212.204.75.130\">\n<div style=\"color: #000000; font: 10pt Verdana; padding-left: 2px;\">Schaumstoffkl\u00f6tze zum auspolstern der bestehenden Kiste f\u00fcr eine Holzkiste lt. Ma\u00dfe<\/div>\n<\/blockquote>\n","protected":false},"excerpt":{"rendered":"<p>Schaumstoffkl\u00f6tze zum auspolstern der bestehenden Kiste f\u00fcr eine Holzkiste lt. Ma\u00dfe<\/p>\n","protected":false},"featured_media":0,"template":"","meta":{"_acf_changed":false},"product_brand":[],"product_cat":[13512],"product_tag":[],"class_list":{"0":"post-63351","1":"product","2":"type-product","3":"status-publish","5":"product_cat-case-zubehoer","7":"first","8":"instock","9":"taxable","10":"shipping-taxable","11":"purchasable","12":"product-type-simple"},"acf":[],"_links":{"self":[{"href":"https:\/\/megacase.com\/de\/wp-json\/wp\/v2\/product\/63351","targetHints":{"allow":["GET"]}}],"collection":[{"href":"https:\/\/megacase.com\/de\/wp-json\/wp\/v2\/product"}],"about":[{"href":"https:\/\/megacase.com\/de\/wp-json\/wp\/v2\/types\/product"}],"wp:attachment":[{"href":"https:\/\/megacase.com\/de\/wp-json\/wp\/v2\/media?parent=63351"}],"wp:term":[{"taxonomy":"product_brand","embeddable":true,"href":"https:\/\/megacase.com\/de\/wp-json\/wp\/v2\/product_brand?post=63351"},{"taxonomy":"product_cat","embeddable":true,"href":"https:\/\/megacase.com\/de\/wp-json\/wp\/v2\/product_cat?post=63351"},{"taxonomy":"product_tag","embeddable":true,"href":"https:\/\/megacase.com\/de\/wp-json\/wp\/v2\/product_tag?post=63351"}],"curies":[{"name":"wp","href":"https:\/\/api.w.org\/{rel}","templated":true}]}}