{"id":63263,"date":"2017-05-09T00:00:00","date_gmt":"2017-05-08T22:00:00","guid":{"rendered":"https:\/\/megacase.com\/product\/haubencase-heavy-fuer-vox-ac-30-mit-50mm-schaumpolster\/"},"modified":"2026-03-25T15:26:22","modified_gmt":"2026-03-25T14:26:22","slug":"haubencase-heavy-fuer-vox-ac-30-mit-50mm-schaumpolster","status":"publish","type":"product","link":"https:\/\/megacase.com\/de\/produkt\/haubencase-heavy-fuer-vox-ac-30-mit-50mm-schaumpolster\/","title":{"rendered":"Haubencase Heavy f\u00fcr VOX AC 30 mit 50mm Schaumpolster"},"content":{"rendered":"<p>Haube passend f\u00fcr VOX AC 30 in H\u00fclle<br \/>\n9mm Birke phenol<br \/>\n35\/35 Alukante<br \/>\n2x Butterfly gro\u00df mit \u00d6se f\u00fcr Vorh\u00e4ngeschlo\u00df<br \/>\n2x Klappgriff Session<br \/>\n1x Shockwatchaufkleber<br \/>\n8x Kugelecke gro\u00df<br \/>\n50mm Schaumstoffpolsterung<br \/>\n4x Lenkrolle (4xgebremst)<\/p>\n<p>Au\u00dfnma\u00dfe: BxTxH 826x435x810 mm<br \/>\nGewicht: 31,8 kg<\/p>\n","protected":false},"excerpt":{"rendered":"<p>Haube passend f\u00fcr VOX AC 30 in H\u00fclle 9mm Birke phenol 35\/35 Alukante 2x Butterfly gro\u00df mit \u00d6se f\u00fcr Vorh\u00e4ngeschlo\u00df<\/p>\n","protected":false},"featured_media":65990,"template":"","meta":{"_acf_changed":false},"product_brand":[],"product_cat":[13499],"product_tag":[],"class_list":{"0":"post-63263","1":"product","2":"type-product","3":"status-publish","4":"has-post-thumbnail","6":"product_cat-amp-cases","8":"first","9":"instock","10":"taxable","11":"shipping-taxable","12":"purchasable","13":"product-type-simple"},"acf":[],"_links":{"self":[{"href":"https:\/\/megacase.com\/de\/wp-json\/wp\/v2\/product\/63263","targetHints":{"allow":["GET"]}}],"collection":[{"href":"https:\/\/megacase.com\/de\/wp-json\/wp\/v2\/product"}],"about":[{"href":"https:\/\/megacase.com\/de\/wp-json\/wp\/v2\/types\/product"}],"wp:featuredmedia":[{"embeddable":true,"href":"https:\/\/megacase.com\/de\/wp-json\/wp\/v2\/media\/65990"}],"wp:attachment":[{"href":"https:\/\/megacase.com\/de\/wp-json\/wp\/v2\/media?parent=63263"}],"wp:term":[{"taxonomy":"product_brand","embeddable":true,"href":"https:\/\/megacase.com\/de\/wp-json\/wp\/v2\/product_brand?post=63263"},{"taxonomy":"product_cat","embeddable":true,"href":"https:\/\/megacase.com\/de\/wp-json\/wp\/v2\/product_cat?post=63263"},{"taxonomy":"product_tag","embeddable":true,"href":"https:\/\/megacase.com\/de\/wp-json\/wp\/v2\/product_tag?post=63263"}],"curies":[{"name":"wp","href":"https:\/\/api.w.org\/{rel}","templated":true}]}}