{"id":63223,"date":"2017-05-24T13:17:07","date_gmt":"2017-05-24T11:17:07","guid":{"rendered":"https:\/\/megacase.com\/?post_type=product&#038;p=63223\/"},"modified":"2026-03-25T15:19:44","modified_gmt":"2026-03-25T14:19:44","slug":"63223","status":"publish","type":"product","link":"https:\/\/megacase.com\/de\/produkt\/63223\/","title":{"rendered":"Heavy Single-Door Case mit Rampe f\u00fcr Serverschrank"},"content":{"rendered":"<p>Heavy Single-Door Case mit Rampe f\u00fcr Serverschrank 553x1000x1940mm BxTxH auf vier Schwerlastrollen (davon 2 gebremst) mit Schaumstoffpolsterung und einer im Deckel eingelassenen Rampe mit Riffelblech belegt f\u00fcr Server Schrank mit den Ma\u00dfen von 553x1000x1940mm BxTxH<br \/>\n2 Gasdruckd\u00e4mpfer, 2 Transportgurte mit Schaumstoffpolstern zur Ladungssicherung im Case befestigt,<br \/>\n9 mm Birkenmultiplex,<br \/>\n35 x 35 mm Alukante<br \/>\nSchaumstoffpolsterung,<br \/>\n4 gefederte Butterfly-Verschl\u00fc\u00dfe gro\u00df,<br \/>\n8 Klappgriffe gro\u00df,<br \/>\ngro\u00dfe Stahlkugelecken,<br \/>\nein umklappbares Rampenende erm\u00f6glicht ein ebenerdiges einfahren,<br \/>\nhergestellt in Deutschland<\/p>\n","protected":false},"excerpt":{"rendered":"<p>Heavy Single-Door Case mit Rampe f\u00fcr Serverschrank 553x1000x1940mm BxTxH auf vier Schwerlastrollen (davon 2 gebremst) mit Schaumstoffpolsterung und einer im<\/p>\n","protected":false},"featured_media":0,"template":"","meta":{"_acf_changed":false},"product_brand":[],"product_cat":[13576],"product_tag":[],"class_list":{"0":"post-63223","1":"product","2":"type-product","3":"status-publish","5":"product_cat-cases-fuer-computer-und-zubehoer","7":"first","8":"instock","9":"taxable","10":"shipping-taxable","11":"purchasable","12":"product-type-simple"},"acf":[],"_links":{"self":[{"href":"https:\/\/megacase.com\/de\/wp-json\/wp\/v2\/product\/63223","targetHints":{"allow":["GET"]}}],"collection":[{"href":"https:\/\/megacase.com\/de\/wp-json\/wp\/v2\/product"}],"about":[{"href":"https:\/\/megacase.com\/de\/wp-json\/wp\/v2\/types\/product"}],"wp:attachment":[{"href":"https:\/\/megacase.com\/de\/wp-json\/wp\/v2\/media?parent=63223"}],"wp:term":[{"taxonomy":"product_brand","embeddable":true,"href":"https:\/\/megacase.com\/de\/wp-json\/wp\/v2\/product_brand?post=63223"},{"taxonomy":"product_cat","embeddable":true,"href":"https:\/\/megacase.com\/de\/wp-json\/wp\/v2\/product_cat?post=63223"},{"taxonomy":"product_tag","embeddable":true,"href":"https:\/\/megacase.com\/de\/wp-json\/wp\/v2\/product_tag?post=63223"}],"curies":[{"name":"wp","href":"https:\/\/api.w.org\/{rel}","templated":true}]}}