{"id":62725,"date":"2017-05-18T16:15:42","date_gmt":"2017-05-18T14:15:42","guid":{"rendered":"https:\/\/mcx.sunlab.eu\/product\/keyboardcase-spezial-88-pvc-mit-eckrollen-kurzweil-sp5-8\/"},"modified":"2026-03-25T15:19:48","modified_gmt":"2026-03-25T14:19:48","slug":"keyboardcase-spezial-88-pvc-mit-eckrollen-kurzweil-sp5-8","status":"publish","type":"product","link":"https:\/\/megacase.com\/de\/produkt\/keyboardcase-spezial-88-pvc-mit-eckrollen-kurzweil-sp5-8\/","title":{"rendered":"Keyboardcase spezial 88 PVC mit Eckrollen Kurzweil SP5-8"},"content":{"rendered":"<p>Keyboardcase spezial Kunststoff mit Eckrollen und Schaumstoffpolsterung f\u00fcr ein Kurzweil SP5-8; 30 x 30mm Alukante, Schaumstoffpolsterung, 2 Feststellscharniere gro\u00df 2 gefederte Butterfly-Verschl\u00fc\u00dfe, 2 Klappgriffe, 1 Ledergriff, Stahlkugelecken. abb. zeigt Bauart *Aufschlag &#8211; 15%*<\/p>\n","protected":false},"excerpt":{"rendered":"<p>Keyboardcase spezial Kunststoff mit Eckrollen und Schaumstoffpolsterung f\u00fcr ein Kurzweil SP5-8; 30 x 30mm Alukante, Schaumstoffpolsterung, 2 Feststellscharniere gro\u00df 2<\/p>\n","protected":false},"featured_media":24042,"template":"","meta":{"_acf_changed":false},"product_brand":[],"product_cat":[13511],"product_tag":[],"class_list":{"0":"post-62725","1":"product","2":"type-product","3":"status-publish","4":"has-post-thumbnail","6":"product_cat-keyboard-cases","8":"first","9":"instock","10":"taxable","11":"shipping-taxable","12":"purchasable","13":"product-type-simple"},"acf":[],"_links":{"self":[{"href":"https:\/\/megacase.com\/de\/wp-json\/wp\/v2\/product\/62725","targetHints":{"allow":["GET"]}}],"collection":[{"href":"https:\/\/megacase.com\/de\/wp-json\/wp\/v2\/product"}],"about":[{"href":"https:\/\/megacase.com\/de\/wp-json\/wp\/v2\/types\/product"}],"wp:featuredmedia":[{"embeddable":true,"href":"https:\/\/megacase.com\/de\/wp-json\/wp\/v2\/media\/24042"}],"wp:attachment":[{"href":"https:\/\/megacase.com\/de\/wp-json\/wp\/v2\/media?parent=62725"}],"wp:term":[{"taxonomy":"product_brand","embeddable":true,"href":"https:\/\/megacase.com\/de\/wp-json\/wp\/v2\/product_brand?post=62725"},{"taxonomy":"product_cat","embeddable":true,"href":"https:\/\/megacase.com\/de\/wp-json\/wp\/v2\/product_cat?post=62725"},{"taxonomy":"product_tag","embeddable":true,"href":"https:\/\/megacase.com\/de\/wp-json\/wp\/v2\/product_tag?post=62725"}],"curies":[{"name":"wp","href":"https:\/\/api.w.org\/{rel}","templated":true}]}}