{"id":62712,"date":"2017-05-18T16:15:20","date_gmt":"2017-05-18T14:15:20","guid":{"rendered":"https:\/\/mcx.sunlab.eu\/product\/5he-live-triple-door-rack-32\/"},"modified":"2026-03-25T15:19:50","modified_gmt":"2026-03-25T14:19:50","slug":"5he-live-triple-door-rack-32","status":"publish","type":"product","link":"https:\/\/megacase.com\/de\/produkt\/5he-live-triple-door-rack-32\/","title":{"rendered":"5HE Live Triple Door Rack 32"},"content":{"rendered":"<p>Nutzh\u00f6he 5HE 32cm Nutztiefe 3 Deckel,<br \/>\n7mm Birkenmultiplex,<br \/>\n25\/25mm Alukante,<br \/>\n6 gefederte Butterflyverschl\u00fcsse medium,<br \/>\n2 Klappgriffe,<br \/>\n4 Gummif\u00fc\u00dfe,<br \/>\nstufenlose Rackschiene vorne und hinten 5HE,<br \/>\nstufenlose Rachschiene oben 32 tief mit Gummikeder,<br \/>\nincl. Schraubensatz,<br \/>\nStahlkugelecken,<br \/>\nAbbildung \u00e4hnlich *Aufschlag &#8211; 15%*<\/p>\n","protected":false},"excerpt":{"rendered":"<p>Nutzh\u00f6he 5HE 32cm Nutztiefe 3 Deckel, 7mm Birkenmultiplex, 25\/25mm Alukante, 6 gefederte Butterflyverschl\u00fcsse medium, 2 Klappgriffe, 4 Gummif\u00fc\u00dfe, stufenlose Rackschiene<\/p>\n","protected":false},"featured_media":0,"template":"","meta":{"_acf_changed":false},"product_brand":[],"product_cat":[13510],"product_tag":[],"class_list":{"0":"post-62712","1":"product","2":"type-product","3":"status-publish","5":"product_cat-racks","7":"first","8":"instock","9":"taxable","10":"shipping-taxable","11":"purchasable","12":"product-type-simple"},"acf":[],"_links":{"self":[{"href":"https:\/\/megacase.com\/de\/wp-json\/wp\/v2\/product\/62712","targetHints":{"allow":["GET"]}}],"collection":[{"href":"https:\/\/megacase.com\/de\/wp-json\/wp\/v2\/product"}],"about":[{"href":"https:\/\/megacase.com\/de\/wp-json\/wp\/v2\/types\/product"}],"wp:attachment":[{"href":"https:\/\/megacase.com\/de\/wp-json\/wp\/v2\/media?parent=62712"}],"wp:term":[{"taxonomy":"product_brand","embeddable":true,"href":"https:\/\/megacase.com\/de\/wp-json\/wp\/v2\/product_brand?post=62712"},{"taxonomy":"product_cat","embeddable":true,"href":"https:\/\/megacase.com\/de\/wp-json\/wp\/v2\/product_cat?post=62712"},{"taxonomy":"product_tag","embeddable":true,"href":"https:\/\/megacase.com\/de\/wp-json\/wp\/v2\/product_tag?post=62712"}],"curies":[{"name":"wp","href":"https:\/\/api.w.org\/{rel}","templated":true}]}}