{"id":62708,"date":"2017-05-18T16:15:20","date_gmt":"2017-05-18T14:15:20","guid":{"rendered":"https:\/\/mcx.sunlab.eu\/product\/transportcase-apple-imac-215-in-gelb-mit-eckrollen-und-trolleygriff\/"},"modified":"2026-03-25T15:19:49","modified_gmt":"2026-03-25T14:19:49","slug":"transportcase-apple-imac-215-in-gelb-mit-eckrollen-und-trolleygriff","status":"publish","type":"product","link":"https:\/\/megacase.com\/de\/produkt\/transportcase-apple-imac-215-in-gelb-mit-eckrollen-und-trolleygriff\/","title":{"rendered":"Transportcase Apple iMac 21,5&#8243; in gelb mit Eckrollen und Trolleygriff"},"content":{"rendered":"<p>ma\u00dfgefertigtes Truhencase f\u00fcr Apple iMac 21,5&#8243; Computer (ab 2012)<br \/>\ninkl. 2 F\u00e4cher f\u00fcr Zubeh\u00f6r wie Tastatur,<br \/>\nMaus etc aus 7 mm Birkenmultiplex Farbe gelb,<br \/>\n25 x 25 mm Alukante,<br \/>\nSchaumstoffpolsterung nach Ma\u00df,<br \/>\nNoppenschaumstoff im Deckel,<br \/>\n2 gefederte Butterfly-Verschl\u00fcsse medium,<br \/>\n1 Klappgriff,<br \/>\n2 Festellscharniere,<br \/>\nStahlkugelecken,<br \/>\nEckaufbaurolle,<br \/>\nTrolleygriff voll ausgezogen auf 95cm H\u00f6he,<br \/>\nhergestellt in Deutschland *Aufschlag &#8211; 15%*<\/p>\n","protected":false},"excerpt":{"rendered":"<p>ma\u00dfgefertigtes Truhencase f\u00fcr Apple iMac 21,5&#8243; Computer (ab 2012) inkl. 2 F\u00e4cher f\u00fcr Zubeh\u00f6r wie Tastatur, Maus etc aus 7<\/p>\n","protected":false},"featured_media":24842,"template":"","meta":{"_acf_changed":false},"product_brand":[],"product_cat":[13509],"product_tag":[14243],"class_list":{"0":"post-62708","1":"product","2":"type-product","3":"status-publish","4":"has-post-thumbnail","6":"product_cat-truhen-cases","7":"product_tag-apple","9":"first","10":"instock","11":"taxable","12":"shipping-taxable","13":"purchasable","14":"product-type-simple"},"acf":[],"_links":{"self":[{"href":"https:\/\/megacase.com\/de\/wp-json\/wp\/v2\/product\/62708","targetHints":{"allow":["GET"]}}],"collection":[{"href":"https:\/\/megacase.com\/de\/wp-json\/wp\/v2\/product"}],"about":[{"href":"https:\/\/megacase.com\/de\/wp-json\/wp\/v2\/types\/product"}],"wp:featuredmedia":[{"embeddable":true,"href":"https:\/\/megacase.com\/de\/wp-json\/wp\/v2\/media\/24842"}],"wp:attachment":[{"href":"https:\/\/megacase.com\/de\/wp-json\/wp\/v2\/media?parent=62708"}],"wp:term":[{"taxonomy":"product_brand","embeddable":true,"href":"https:\/\/megacase.com\/de\/wp-json\/wp\/v2\/product_brand?post=62708"},{"taxonomy":"product_cat","embeddable":true,"href":"https:\/\/megacase.com\/de\/wp-json\/wp\/v2\/product_cat?post=62708"},{"taxonomy":"product_tag","embeddable":true,"href":"https:\/\/megacase.com\/de\/wp-json\/wp\/v2\/product_tag?post=62708"}],"curies":[{"name":"wp","href":"https:\/\/api.w.org\/{rel}","templated":true}]}}