{"id":62707,"date":"2017-05-18T16:15:20","date_gmt":"2017-05-18T14:15:20","guid":{"rendered":"https:\/\/mcx.sunlab.eu\/product\/6he-live-rack-40-pvc\/"},"modified":"2026-03-25T15:19:49","modified_gmt":"2026-03-25T14:19:49","slug":"6he-live-rack-40-pvc","status":"publish","type":"product","link":"https:\/\/megacase.com\/de\/produkt\/6he-live-rack-40-pvc\/","title":{"rendered":"6HE Live Rack 40 PVC ::DE"},"content":{"rendered":"<p>Nutzh\u00f6he 6HE 40cm Nutztiefe 2 Deckel,<br \/>\n7mm PP Hohlkammerplatte,<br \/>\n25\/25mm Alukante,<br \/>\n4 gefederte Butterflyverschl\u00fcsse,<br \/>\n2 Klappgriffe,<br \/>\n4 Gummif\u00fc\u00dfe,<br \/>\nstufenlose Rackschiene mit Gummikeder,<br \/>\nincl. Schraubensatz,<br \/>\nStahlkugelecken,<br \/>\nAu\u00dfenma\u00dfe BxHxT 55&#215;32,5&#215;54,5cm,<br \/>\nGewicht 10,4kg,<br \/>\nAbbildung zeigt Bauweise in Birkenmultipley *Aufschlag &#8211; 15%*<\/p>\n","protected":false},"excerpt":{"rendered":"<p>Nutzh\u00f6he 6HE 40cm Nutztiefe 2 Deckel, 7mm PP Hohlkammerplatte, 25\/25mm Alukante, 4 gefederte Butterflyverschl\u00fcsse, 2 Klappgriffe, 4 Gummif\u00fc\u00dfe, stufenlose Rackschiene<\/p>\n","protected":false},"featured_media":24913,"template":"","meta":{"_acf_changed":false},"product_brand":[],"product_cat":[13510],"product_tag":[],"class_list":{"0":"post-62707","1":"product","2":"type-product","3":"status-publish","4":"has-post-thumbnail","6":"product_cat-racks","8":"first","9":"instock","10":"taxable","11":"shipping-taxable","12":"purchasable","13":"product-type-simple"},"acf":[],"_links":{"self":[{"href":"https:\/\/megacase.com\/de\/wp-json\/wp\/v2\/product\/62707","targetHints":{"allow":["GET"]}}],"collection":[{"href":"https:\/\/megacase.com\/de\/wp-json\/wp\/v2\/product"}],"about":[{"href":"https:\/\/megacase.com\/de\/wp-json\/wp\/v2\/types\/product"}],"wp:featuredmedia":[{"embeddable":true,"href":"https:\/\/megacase.com\/de\/wp-json\/wp\/v2\/media\/24913"}],"wp:attachment":[{"href":"https:\/\/megacase.com\/de\/wp-json\/wp\/v2\/media?parent=62707"}],"wp:term":[{"taxonomy":"product_brand","embeddable":true,"href":"https:\/\/megacase.com\/de\/wp-json\/wp\/v2\/product_brand?post=62707"},{"taxonomy":"product_cat","embeddable":true,"href":"https:\/\/megacase.com\/de\/wp-json\/wp\/v2\/product_cat?post=62707"},{"taxonomy":"product_tag","embeddable":true,"href":"https:\/\/megacase.com\/de\/wp-json\/wp\/v2\/product_tag?post=62707"}],"curies":[{"name":"wp","href":"https:\/\/api.w.org\/{rel}","templated":true}]}}