{"id":62593,"date":"2017-05-18T16:13:09","date_gmt":"2017-05-18T14:13:09","guid":{"rendered":"https:\/\/mcx.sunlab.eu\/product\/flightcase-fuer-drumset-mit-fachunterteilung-td-30-drum-set-2\/"},"modified":"2026-03-25T15:19:53","modified_gmt":"2026-03-25T14:19:53","slug":"flightcase-fuer-drumset-mit-fachunterteilung-td-30-drum-set-2","status":"publish","type":"product","link":"https:\/\/megacase.com\/de\/produkt\/flightcase-fuer-drumset-mit-fachunterteilung-td-30-drum-set-2\/","title":{"rendered":"Flightcase f\u00fcr Drumset mit Fachunterteilung  TD 30 Drum Set"},"content":{"rendered":"<p>ma\u00dfgefertigtes Truhencase auf Rollen f\u00fcr Roland TD-30 KV V-Drum V-Pro Set aus 7mm Birkenmultiplex,<br \/>\n30\/30mm Alukante,<br \/>\nSchaumstoffpolsterung,<br \/>\n2 gefederte Butterfly-Verschl\u00fc\u00dfe,<br \/>\n8 Klappgriffe,<br \/>\nStahlkugelecken,<br \/>\nDeckelscharniere in Schale,<br \/>\n4 100mm Lenkrollen davon 2 gebremst,<br \/>\nmit Zubeh\u00f6rfach,<br \/>\nhergestellt in Deutschland,<br \/>\nAu\u00dfenma\u00dfe ca. BxTxH 1225 x 640 x 655mm *Aufschlag &#8211; 15%*<\/p>\n","protected":false},"excerpt":{"rendered":"<p>ma\u00dfgefertigtes Truhencase auf Rollen f\u00fcr Roland TD-30 KV V-Drum V-Pro Set aus 7mm Birkenmultiplex, 30\/30mm Alukante, Schaumstoffpolsterung, 2 gefederte Butterfly-Verschl\u00fc\u00dfe,<\/p>\n","protected":false},"featured_media":27357,"template":"","meta":{"_acf_changed":false},"product_brand":[],"product_cat":[13509,13558],"product_tag":[],"class_list":{"0":"post-62593","1":"product","2":"type-product","3":"status-publish","4":"has-post-thumbnail","6":"product_cat-truhen-cases","7":"product_cat-roland-case","9":"first","10":"instock","11":"taxable","12":"shipping-taxable","13":"purchasable","14":"product-type-simple"},"acf":[],"_links":{"self":[{"href":"https:\/\/megacase.com\/de\/wp-json\/wp\/v2\/product\/62593","targetHints":{"allow":["GET"]}}],"collection":[{"href":"https:\/\/megacase.com\/de\/wp-json\/wp\/v2\/product"}],"about":[{"href":"https:\/\/megacase.com\/de\/wp-json\/wp\/v2\/types\/product"}],"wp:featuredmedia":[{"embeddable":true,"href":"https:\/\/megacase.com\/de\/wp-json\/wp\/v2\/media\/27357"}],"wp:attachment":[{"href":"https:\/\/megacase.com\/de\/wp-json\/wp\/v2\/media?parent=62593"}],"wp:term":[{"taxonomy":"product_brand","embeddable":true,"href":"https:\/\/megacase.com\/de\/wp-json\/wp\/v2\/product_brand?post=62593"},{"taxonomy":"product_cat","embeddable":true,"href":"https:\/\/megacase.com\/de\/wp-json\/wp\/v2\/product_cat?post=62593"},{"taxonomy":"product_tag","embeddable":true,"href":"https:\/\/megacase.com\/de\/wp-json\/wp\/v2\/product_tag?post=62593"}],"curies":[{"name":"wp","href":"https:\/\/api.w.org\/{rel}","templated":true}]}}