{"id":62575,"date":"2017-05-18T16:13:09","date_gmt":"2017-05-18T14:13:09","guid":{"rendered":"https:\/\/mcx.sunlab.eu\/product\/monitor-case-innenmasse-l-102-h-15-t-75-cm\/"},"modified":"2026-03-25T15:19:53","modified_gmt":"2026-03-25T14:19:53","slug":"monitor-case-innenmasse-l-102-h-15-t-75-cm","status":"publish","type":"product","link":"https:\/\/megacase.com\/de\/produkt\/monitor-case-innenmasse-l-102-h-15-t-75-cm\/","title":{"rendered":"Monitor Case, Innenma\u00dfe: L 102 H 15 T 75 cm"},"content":{"rendered":"<p>Transportkoffer f\u00fcr Monitore, Bildschirme<br \/>\nInnenma\u00dfe: L\u00e4nge\/Breite 102cm, H\u00f6he 15cm, Tiefe 75cm<br \/>\nabnehmbarer Deckel,<br \/>\n4x Butterfly Verschluss,<br \/>\n1x Riemengriff,<br \/>\n7mm Birkenmultiplex Phenolharz-Beschichtung braun<br \/>\n23\/23 Aluminium-Kante<br \/>\nKugelecken<br \/>\ninnen vollfl\u00e4chige Schaumstoffauskleidung 10mm<br \/>\nhergestellt in Deutschland<\/p>\n","protected":false},"excerpt":{"rendered":"<p>Transportkoffer f\u00fcr Monitore, Bildschirme Innenma\u00dfe: L\u00e4nge\/Breite 102cm, H\u00f6he 15cm, Tiefe 75cm abnehmbarer Deckel, 4x Butterfly Verschluss, 1x Riemengriff, 7mm Birkenmultiplex<\/p>\n","protected":false},"featured_media":70234,"template":"","meta":{"_acf_changed":false},"product_brand":[],"product_cat":[13612],"product_tag":[],"class_list":{"0":"post-62575","1":"product","2":"type-product","3":"status-publish","4":"has-post-thumbnail","6":"product_cat-display-monitor","8":"first","9":"instock","10":"taxable","11":"shipping-taxable","12":"purchasable","13":"product-type-simple"},"acf":[],"_links":{"self":[{"href":"https:\/\/megacase.com\/de\/wp-json\/wp\/v2\/product\/62575","targetHints":{"allow":["GET"]}}],"collection":[{"href":"https:\/\/megacase.com\/de\/wp-json\/wp\/v2\/product"}],"about":[{"href":"https:\/\/megacase.com\/de\/wp-json\/wp\/v2\/types\/product"}],"wp:featuredmedia":[{"embeddable":true,"href":"https:\/\/megacase.com\/de\/wp-json\/wp\/v2\/media\/70234"}],"wp:attachment":[{"href":"https:\/\/megacase.com\/de\/wp-json\/wp\/v2\/media?parent=62575"}],"wp:term":[{"taxonomy":"product_brand","embeddable":true,"href":"https:\/\/megacase.com\/de\/wp-json\/wp\/v2\/product_brand?post=62575"},{"taxonomy":"product_cat","embeddable":true,"href":"https:\/\/megacase.com\/de\/wp-json\/wp\/v2\/product_cat?post=62575"},{"taxonomy":"product_tag","embeddable":true,"href":"https:\/\/megacase.com\/de\/wp-json\/wp\/v2\/product_tag?post=62575"}],"curies":[{"name":"wp","href":"https:\/\/api.w.org\/{rel}","templated":true}]}}