{"id":62526,"date":"2017-05-18T16:12:02","date_gmt":"2017-05-18T14:12:02","guid":{"rendered":"https:\/\/mcx.sunlab.eu\/product\/flightcase-fuer-korg-monopoly\/"},"modified":"2026-03-25T15:19:54","modified_gmt":"2026-03-25T14:19:54","slug":"flightcase-fuer-korg-monopoly","status":"publish","type":"product","link":"https:\/\/megacase.com\/de\/produkt\/flightcase-fuer-korg-monopoly\/","title":{"rendered":"Flightcase f\u00fcr Korg MonoPoly"},"content":{"rendered":"<p>Case laut Ma\u00dfangabe f\u00fcr Korg MonoPoly<br \/>\nInnenma\u00dfe: L\u00e4nge\/Breite: 74,4cm, H\u00f6he 14,4cm, Tiefe 45cm<br \/>\nAufklappdeckel,<br \/>\n2x Butterflyschlo\u00df,<br \/>\n1x Ledergriff<br \/>\n7mm Caseholz Phenol braun,<br \/>\n23er Kante,<br \/>\nKugelecken<br \/>\ninnen Schaumstoffpolsterung<br \/>\n*Aufschlag &#8211; 15%*<\/p>\n","protected":false},"excerpt":{"rendered":"<p>Case laut Ma\u00dfangabe f\u00fcr Korg MonoPoly Innenma\u00dfe: L\u00e4nge\/Breite: 74,4cm, H\u00f6he 14,4cm, Tiefe 45cm Aufklappdeckel, 2x Butterflyschlo\u00df, 1x Ledergriff 7mm Caseholz<\/p>\n","protected":false},"featured_media":0,"template":"","meta":{"_acf_changed":false},"product_brand":[],"product_cat":[13511],"product_tag":[],"class_list":{"0":"post-62526","1":"product","2":"type-product","3":"status-publish","5":"product_cat-keyboard-cases","7":"first","8":"instock","9":"taxable","10":"shipping-taxable","11":"purchasable","12":"product-type-simple"},"acf":[],"_links":{"self":[{"href":"https:\/\/megacase.com\/de\/wp-json\/wp\/v2\/product\/62526","targetHints":{"allow":["GET"]}}],"collection":[{"href":"https:\/\/megacase.com\/de\/wp-json\/wp\/v2\/product"}],"about":[{"href":"https:\/\/megacase.com\/de\/wp-json\/wp\/v2\/types\/product"}],"wp:attachment":[{"href":"https:\/\/megacase.com\/de\/wp-json\/wp\/v2\/media?parent=62526"}],"wp:term":[{"taxonomy":"product_brand","embeddable":true,"href":"https:\/\/megacase.com\/de\/wp-json\/wp\/v2\/product_brand?post=62526"},{"taxonomy":"product_cat","embeddable":true,"href":"https:\/\/megacase.com\/de\/wp-json\/wp\/v2\/product_cat?post=62526"},{"taxonomy":"product_tag","embeddable":true,"href":"https:\/\/megacase.com\/de\/wp-json\/wp\/v2\/product_tag?post=62526"}],"curies":[{"name":"wp","href":"https:\/\/api.w.org\/{rel}","templated":true}]}}