{"id":62471,"date":"2017-05-18T16:10:57","date_gmt":"2017-05-18T14:10:57","guid":{"rendered":"https:\/\/mcx.sunlab.eu\/product\/case-fuer-2x-martin-atomic-3000-dmx\/"},"modified":"2026-03-25T15:19:57","modified_gmt":"2026-03-25T14:19:57","slug":"case-fuer-2x-martin-atomic-3000-dmx","status":"publish","type":"product","link":"https:\/\/megacase.com\/de\/produkt\/case-fuer-2x-martin-atomic-3000-dmx\/","title":{"rendered":"Case f\u00fcr 2x Martin Atomic 3000 DMX"},"content":{"rendered":"<p><i>Cases f\u00fcr Licht- und B\u00fchnenequipment werden passgenau f\u00fcr jedes Produkt angefertigt. Nur so ist ein sicherer und bedenkenloser Transport gew\u00e4hrleistet. MegaCase verwendet ausschlie\u00dflich Qualit\u00e4tsbeschl\u00e4ge von Adam Hall. Gepolsterte Innenseiten, massive Kugelecken und Alu Profile machen dieses Flightcase alltags- und b\u00fchnentauglich. Jedes Flightcase wird ausschlie\u00dflich in Deutschland produziert, und entspricht einem hohen industriellen Qualit\u00e4tsstandard. Bitte beachten: Geben Sie bei der der Bestellung im Kommentarfeld die genaue Typenbezeichnung Ihres Produktes an, das Case wird speziell daf\u00fcr angefertigt. <\/p>\n<p>Transportcase f\u00fcr 2x Martin Atomic 3000 DMX Strobe<br \/>\nAufklappdeckel mit<br \/>\n2x Butterfly mittel<br \/>\n2x Klappgriff in Schale<br \/>\n30er Aluminiumkante<br \/>\nmittlere Kugelecken<br \/>\n10 mm Schaumstoffpolsterung<br \/>\nAufpreis f\u00fcr farbige Beschichtung<br \/>\nzur Verf\u00fcgung stehende Farbauswahl:<br \/>\n<a href=\"http:\/\/megacase.de\/de\/seite\/farben\/\">\u00dcbersicht der m\u00f6glichen Beschichtungen<\/a><br \/>\nAbbildung \u00e4hnlich (Beispielbild)<\/i><br \/>\nAu\u00dfenma\u00dfe: BxTxH 565x565x340 mm Gewicht: 13,4 kg *Aufschlag &#8211; 15%*<\/p>\n","protected":false},"excerpt":{"rendered":"<p>Cases f\u00fcr Licht- und B\u00fchnenequipment werden passgenau f\u00fcr jedes Produkt angefertigt. Nur so ist ein sicherer und bedenkenloser Transport gew\u00e4hrleistet.<\/p>\n","protected":false},"featured_media":29712,"template":"","meta":{"_acf_changed":false},"product_brand":[],"product_cat":[13573],"product_tag":[],"class_list":{"0":"post-62471","1":"product","2":"type-product","3":"status-publish","4":"has-post-thumbnail","6":"product_cat-martin-professional","8":"first","9":"instock","10":"taxable","11":"shipping-taxable","12":"purchasable","13":"product-type-simple"},"acf":[],"_links":{"self":[{"href":"https:\/\/megacase.com\/de\/wp-json\/wp\/v2\/product\/62471","targetHints":{"allow":["GET"]}}],"collection":[{"href":"https:\/\/megacase.com\/de\/wp-json\/wp\/v2\/product"}],"about":[{"href":"https:\/\/megacase.com\/de\/wp-json\/wp\/v2\/types\/product"}],"wp:featuredmedia":[{"embeddable":true,"href":"https:\/\/megacase.com\/de\/wp-json\/wp\/v2\/media\/29712"}],"wp:attachment":[{"href":"https:\/\/megacase.com\/de\/wp-json\/wp\/v2\/media?parent=62471"}],"wp:term":[{"taxonomy":"product_brand","embeddable":true,"href":"https:\/\/megacase.com\/de\/wp-json\/wp\/v2\/product_brand?post=62471"},{"taxonomy":"product_cat","embeddable":true,"href":"https:\/\/megacase.com\/de\/wp-json\/wp\/v2\/product_cat?post=62471"},{"taxonomy":"product_tag","embeddable":true,"href":"https:\/\/megacase.com\/de\/wp-json\/wp\/v2\/product_tag?post=62471"}],"curies":[{"name":"wp","href":"https:\/\/api.w.org\/{rel}","templated":true}]}}