{"id":62444,"date":"2017-05-18T16:10:34","date_gmt":"2017-05-18T14:10:34","guid":{"rendered":"https:\/\/mcx.sunlab.eu\/product\/jb-lighting-licon-fx-case\/"},"modified":"2026-03-25T15:19:57","modified_gmt":"2026-03-25T14:19:57","slug":"jb-lighting-licon-fx-case","status":"publish","type":"product","link":"https:\/\/megacase.com\/de\/produkt\/jb-lighting-licon-fx-case\/","title":{"rendered":"JB Lighting Licon FX Case"},"content":{"rendered":"<p>Case wird passend hergestellt f\u00fcr JB-Lighting Licon FX<br \/>\n7 mm Birkenmultiplex phenolharz beschichtet<br \/>\n30 x 3 0mm Alukanten,<br \/>\nmind 1cm Schaumstoffpolsterung im Boden und Deckel<br \/>\n4 x gefederte Butterfly Verschl\u00fcsse mittel<br \/>\n2 x Klappgriff mittel<br \/>\nKugelelecken mittel<br \/>\n10 mm Schaumstoff<br \/>\n1 x Riemengriff<br \/>\nAu\u00dfenma\u00dfe: BxTxH 560 x 770 x 195 mm<br \/>\nGewicht: 9,45 kg<\/p>\n<p><i>Mischpult Cases werden passgenau f\u00fcr jedes Mischpult angefertigt. Nur so ist ein sicherer und bedenkenloser Transport gew\u00e4hrleistet. MegaCase verwendet ausschlie\u00dflich Qualit\u00e4tsbeschl\u00e4ge von Adam Hall. Gepolsterte Innenseiten, massive Kugelecken und Alu Profile machen dieses Flightcase alltagstauglich. Jedes Flightcase wird ausschlie\u00dflich in Deutschland produziert, und entspricht einem hohen industriellen Qualit\u00e4tsstandard. Bitte beachten: Geben Sie bei der der Bestellung im Kommentarfeld Ihr Mischpult-Modell an, das Case wird speziell f\u00fcr Ihr Ger\u00e4t angefertigt. Abbildung \u00e4hnlich (Beispielbild)<\/i> *Aufschlag &#8211; 15%*<\/p>\n","protected":false},"excerpt":{"rendered":"<p>Case wird passend hergestellt f\u00fcr JB-Lighting Licon FX 7 mm Birkenmultiplex phenolharz beschichtet 30 x 3 0mm Alukanten, mind 1cm<\/p>\n","protected":false},"featured_media":69563,"template":"","meta":{"_acf_changed":false},"product_brand":[],"product_cat":[13495,13605],"product_tag":[],"class_list":{"0":"post-62444","1":"product","2":"type-product","3":"status-publish","4":"has-post-thumbnail","6":"product_cat-mischpult-cases","7":"product_cat-jb-lighting","9":"first","10":"instock","11":"taxable","12":"shipping-taxable","13":"purchasable","14":"product-type-simple"},"acf":[],"_links":{"self":[{"href":"https:\/\/megacase.com\/de\/wp-json\/wp\/v2\/product\/62444","targetHints":{"allow":["GET"]}}],"collection":[{"href":"https:\/\/megacase.com\/de\/wp-json\/wp\/v2\/product"}],"about":[{"href":"https:\/\/megacase.com\/de\/wp-json\/wp\/v2\/types\/product"}],"wp:featuredmedia":[{"embeddable":true,"href":"https:\/\/megacase.com\/de\/wp-json\/wp\/v2\/media\/69563"}],"wp:attachment":[{"href":"https:\/\/megacase.com\/de\/wp-json\/wp\/v2\/media?parent=62444"}],"wp:term":[{"taxonomy":"product_brand","embeddable":true,"href":"https:\/\/megacase.com\/de\/wp-json\/wp\/v2\/product_brand?post=62444"},{"taxonomy":"product_cat","embeddable":true,"href":"https:\/\/megacase.com\/de\/wp-json\/wp\/v2\/product_cat?post=62444"},{"taxonomy":"product_tag","embeddable":true,"href":"https:\/\/megacase.com\/de\/wp-json\/wp\/v2\/product_tag?post=62444"}],"curies":[{"name":"wp","href":"https:\/\/api.w.org\/{rel}","templated":true}]}}