{"id":62431,"date":"2017-05-18T16:10:12","date_gmt":"2017-05-18T14:10:12","guid":{"rendered":"https:\/\/mcx.sunlab.eu\/product\/zubehoer-case-70laenge-70hoehe-35breite-innenmasse\/"},"modified":"2026-03-25T15:19:57","modified_gmt":"2026-03-25T14:19:57","slug":"zubehoer-case-70laenge-70hoehe-35breite-innenmasse","status":"publish","type":"product","link":"https:\/\/megacase.com\/de\/produkt\/zubehoer-case-70laenge-70hoehe-35breite-innenmasse\/","title":{"rendered":"Zubeh\u00f6r Case: 70L\u00e4nge 70H\u00f6he 35Breite Innenma\u00dfe"},"content":{"rendered":"<p>Zubeh\u00f6r Case:<br \/>\n70L\u00e4nge 70H\u00f6he 35Breite Innenma\u00dfe<br \/>\nabnehmbarer Deckel mit<br \/>\n4x Butterflyverschlu\u00df mit \u00d6se abschlie\u00dfbar<br \/>\n3x Klappgriff<br \/>\n9mm Birkenmultiplex<br \/>\nBeschichtung navyblau<br \/>\n30er Aluminiumkanten<br \/>\nKugelecken<br \/>\nRollensatz 100mm mit Verst\u00e4rkungsplatte, alle lenkbar, 2x gebremst<\/p>\n<p><i>Jedes hochwertige Equipment ben\u00f6tigt auch die entsprechenden Verpackungen f\u00fcr den sicheren Transport. So\u00a0z\u00e4hlt MegaCase Flightcases prominente Unternehmen wie ARD, Porsche, Volkswagen, Siemens,\u00a0Suzuki, oder das\u00a0Fraunhofer Institut zu seinen Kunden, und etablierte sich in nur k\u00fcrzester Zeit zu einem der\u00a0f\u00fchrenden Flightcase Hersteller in Europa.\u00a0Mit mehreren \u00a0Produktionsstandorten fertigen mehr als 30 Mitarbeiter MegaCase Flightcases\u00a0f\u00fcr den gesamten Weltmarkt.\u00a0Hohe Flexibilit\u00e4t, Zuverl\u00e4ssigkeit, und Kooperationen mit Zulieferern wie beispielsweise Adam Hall machen MegaCase Flightcases zu Ihrem kompetenten Flightcase\u00a0Ansprechpartner. Originalbild.<\/i> *Aufschlag &#8211; 15%*<\/p>\n","protected":false},"excerpt":{"rendered":"<p>Zubeh\u00f6r Case: 70L\u00e4nge 70H\u00f6he 35Breite Innenma\u00dfe abnehmbarer Deckel mit 4x Butterflyverschlu\u00df mit \u00d6se abschlie\u00dfbar 3x Klappgriff 9mm Birkenmultiplex Beschichtung navyblau<\/p>\n","protected":false},"featured_media":94870,"template":"","meta":{"_acf_changed":false},"product_brand":[],"product_cat":[13981],"product_tag":[],"class_list":{"0":"post-62431","1":"product","2":"type-product","3":"status-publish","4":"has-post-thumbnail","6":"product_cat-unkategorisiert","8":"first","9":"instock","10":"taxable","11":"shipping-taxable","12":"purchasable","13":"product-type-simple"},"acf":[],"_links":{"self":[{"href":"https:\/\/megacase.com\/de\/wp-json\/wp\/v2\/product\/62431","targetHints":{"allow":["GET"]}}],"collection":[{"href":"https:\/\/megacase.com\/de\/wp-json\/wp\/v2\/product"}],"about":[{"href":"https:\/\/megacase.com\/de\/wp-json\/wp\/v2\/types\/product"}],"wp:featuredmedia":[{"embeddable":true,"href":"https:\/\/megacase.com\/de\/wp-json\/wp\/v2\/media\/94870"}],"wp:attachment":[{"href":"https:\/\/megacase.com\/de\/wp-json\/wp\/v2\/media?parent=62431"}],"wp:term":[{"taxonomy":"product_brand","embeddable":true,"href":"https:\/\/megacase.com\/de\/wp-json\/wp\/v2\/product_brand?post=62431"},{"taxonomy":"product_cat","embeddable":true,"href":"https:\/\/megacase.com\/de\/wp-json\/wp\/v2\/product_cat?post=62431"},{"taxonomy":"product_tag","embeddable":true,"href":"https:\/\/megacase.com\/de\/wp-json\/wp\/v2\/product_tag?post=62431"}],"curies":[{"name":"wp","href":"https:\/\/api.w.org\/{rel}","templated":true}]}}