{"id":62393,"date":"2017-05-18T16:09:23","date_gmt":"2017-05-18T14:09:23","guid":{"rendered":"https:\/\/mcx.sunlab.eu\/product\/muster-koffer-80-laenge-24-hoehe-48-breite-innenmasse\/"},"modified":"2026-03-25T15:19:58","modified_gmt":"2026-03-25T14:19:58","slug":"muster-koffer-80-laenge-24-hoehe-48-breite-innenmasse","status":"publish","type":"product","link":"https:\/\/megacase.com\/de\/produkt\/muster-koffer-80-laenge-24-hoehe-48-breite-innenmasse\/","title":{"rendered":"Muster Koffer: 80 L\u00e4nge 24 H\u00f6he 48 Breite Innenma\u00dfe"},"content":{"rendered":"<p>Muster Koffer: 80 L\u00e4nge 24 H\u00f6he 48 Breite Innenma\u00dfe<br \/>\nabnehmbarer Deckel mit<br \/>\n4x Butterflyverschlu\u00df<br \/>\n1x Riemengriff<br \/>\n7mm Birkenmultiplex<br \/>Phenolharzbeschichtung braun<br \/>\n23er Aliminiumkanten<br \/>\nKugelecken<br \/>\nohne Schaumstoff<br \/>Adam Hall Qualit\u00e4tsbeschl\u00e4ge<\/p>\n<p><i><br \/>\nJedes hochwertige Equipment ben\u00f6tigt auch die entsprechenden Verpackungen f\u00fcr den sicheren Transport. So\u00a0z\u00e4hlt MegaCase Flightcases prominente Unternehmen wie ARD, Porsche, Volkswagen, Siemens,\u00a0Suzuki, oder das\u00a0Fraunhofer Institut zu seinen Kunden, und etablierte sich in nur k\u00fcrzester Zeit zu einem der\u00a0f\u00fchrenden Flightcase Hersteller in Europa.\u00a0Mit mehreren \u00a0Produktionsstandorten fertigen mehr als 30 Mitarbeiter MegaCase Flightcases\u00a0f\u00fcr den gesamten Weltmarkt.\u00a0Hohe Flexibilit\u00e4t, Zuverl\u00e4ssigkeit, und Kooperationen mit Zulieferern wie beispielsweise Adam Hall machen MegaCase Flightcases zu Ihrem kompetenten Flightcase\u00a0Ansprechpartner.<\/i> *Aufschlag &#8211; 15%*<\/p>\n","protected":false},"excerpt":{"rendered":"<p>Muster Koffer: 80 L\u00e4nge 24 H\u00f6he 48 Breite Innenma\u00dfe abnehmbarer Deckel mit 4x Butterflyverschlu\u00df 1x Riemengriff 7mm BirkenmultiplexPhenolharzbeschichtung braun 23er<\/p>\n","protected":false},"featured_media":30095,"template":"","meta":{"_acf_changed":false},"product_brand":[],"product_cat":[13981],"product_tag":[],"class_list":{"0":"post-62393","1":"product","2":"type-product","3":"status-publish","4":"has-post-thumbnail","6":"product_cat-unkategorisiert","8":"first","9":"instock","10":"taxable","11":"shipping-taxable","12":"purchasable","13":"product-type-simple"},"acf":[],"_links":{"self":[{"href":"https:\/\/megacase.com\/de\/wp-json\/wp\/v2\/product\/62393","targetHints":{"allow":["GET"]}}],"collection":[{"href":"https:\/\/megacase.com\/de\/wp-json\/wp\/v2\/product"}],"about":[{"href":"https:\/\/megacase.com\/de\/wp-json\/wp\/v2\/types\/product"}],"wp:featuredmedia":[{"embeddable":true,"href":"https:\/\/megacase.com\/de\/wp-json\/wp\/v2\/media\/30095"}],"wp:attachment":[{"href":"https:\/\/megacase.com\/de\/wp-json\/wp\/v2\/media?parent=62393"}],"wp:term":[{"taxonomy":"product_brand","embeddable":true,"href":"https:\/\/megacase.com\/de\/wp-json\/wp\/v2\/product_brand?post=62393"},{"taxonomy":"product_cat","embeddable":true,"href":"https:\/\/megacase.com\/de\/wp-json\/wp\/v2\/product_cat?post=62393"},{"taxonomy":"product_tag","embeddable":true,"href":"https:\/\/megacase.com\/de\/wp-json\/wp\/v2\/product_tag?post=62393"}],"curies":[{"name":"wp","href":"https:\/\/api.w.org\/{rel}","templated":true}]}}