{"id":62355,"date":"2017-05-18T16:09:01","date_gmt":"2017-05-18T14:09:01","guid":{"rendered":"https:\/\/mcx.sunlab.eu\/product\/espressokaffeeautomaten-case-80-laenge-60-hoehe-60-breite-innenmasse\/"},"modified":"2026-03-25T15:19:58","modified_gmt":"2026-03-25T14:19:58","slug":"espressokaffeeautomaten-case-80-laenge-60-hoehe-60-breite-innenmasse","status":"publish","type":"product","link":"https:\/\/megacase.com\/de\/produkt\/espressokaffeeautomaten-case-80-laenge-60-hoehe-60-breite-innenmasse\/","title":{"rendered":"Espresso\/Kaffeeautomaten Case: 80 L\u00e4nge 60 H\u00f6he 60 Breite Innenma\u00dfe"},"content":{"rendered":"<p>Espresso\/Kaffeeautomaten Case: 80 L\u00e4nge 60 H\u00f6he 60 Breite Innenma\u00dfe<br \/>\nAufstelldeckel mit<br \/>\n2x Butterflyverschlu\u00df<br \/>\n4x Klappgriff in Schale<br \/>\n7mm Birkenmultiplex<br \/>Beschichtung schwarz<br \/>\n23er Aluminiumkanten<br \/>\nKugelecken<br \/>\nRollensatz 100mm mit Verst\u00e4rkungsplatte, alle lenkbar, 2x gebremst<br \/>\nAdam Hall Qualit\u00e4tsbeschl\u00e4ge<\/p>\n<p><i><br \/>\nJedes hochwertige Equipment ben\u00f6tigt auch die entsprechenden Verpackungen f\u00fcr den sicheren Transport. So\u00a0z\u00e4hlt MegaCase Flightcases prominente Unternehmen wie ARD, Porsche, Volkswagen, Siemens,\u00a0Suzuki, oder das\u00a0Fraunhofer Institut zu seinen Kunden, und etablierte sich in nur k\u00fcrzester Zeit zu einem der\u00a0f\u00fchrenden Flightcase Hersteller in Europa.\u00a0Mit mehreren \u00a0Produktionsstandorten fertigen mehr als 30 Mitarbeiter MegaCase Flightcases\u00a0f\u00fcr den gesamten Weltmarkt.\u00a0Hohe Flexibilit\u00e4t, Zuverl\u00e4ssigkeit, und Kooperationen mit Zulieferern wie beispielsweise Adam Hall machen MegaCase Flightcases zu Ihrem kompetenten Flightcase\u00a0Ansprechpartner.<\/i> *Aufschlag &#8211; 15%*<\/p>\n","protected":false},"excerpt":{"rendered":"<p>Espresso\/Kaffeeautomaten Case: 80 L\u00e4nge 60 H\u00f6he 60 Breite Innenma\u00dfe Aufstelldeckel mit 2x Butterflyverschlu\u00df 4x Klappgriff in Schale 7mm BirkenmultiplexBeschichtung schwarz<\/p>\n","protected":false},"featured_media":30310,"template":"","meta":{"_acf_changed":false},"product_brand":[],"product_cat":[13981],"product_tag":[],"class_list":{"0":"post-62355","1":"product","2":"type-product","3":"status-publish","4":"has-post-thumbnail","6":"product_cat-unkategorisiert","8":"first","9":"instock","10":"taxable","11":"shipping-taxable","12":"purchasable","13":"product-type-simple"},"acf":[],"_links":{"self":[{"href":"https:\/\/megacase.com\/de\/wp-json\/wp\/v2\/product\/62355","targetHints":{"allow":["GET"]}}],"collection":[{"href":"https:\/\/megacase.com\/de\/wp-json\/wp\/v2\/product"}],"about":[{"href":"https:\/\/megacase.com\/de\/wp-json\/wp\/v2\/types\/product"}],"wp:featuredmedia":[{"embeddable":true,"href":"https:\/\/megacase.com\/de\/wp-json\/wp\/v2\/media\/30310"}],"wp:attachment":[{"href":"https:\/\/megacase.com\/de\/wp-json\/wp\/v2\/media?parent=62355"}],"wp:term":[{"taxonomy":"product_brand","embeddable":true,"href":"https:\/\/megacase.com\/de\/wp-json\/wp\/v2\/product_brand?post=62355"},{"taxonomy":"product_cat","embeddable":true,"href":"https:\/\/megacase.com\/de\/wp-json\/wp\/v2\/product_cat?post=62355"},{"taxonomy":"product_tag","embeddable":true,"href":"https:\/\/megacase.com\/de\/wp-json\/wp\/v2\/product_tag?post=62355"}],"curies":[{"name":"wp","href":"https:\/\/api.w.org\/{rel}","templated":true}]}}