{"id":62354,"date":"2017-05-18T16:08:39","date_gmt":"2017-05-18T14:08:39","guid":{"rendered":"https:\/\/mcx.sunlab.eu\/product\/mikroskop-koffer-52laenge-25-hoehe-48-breite-innenmasse\/"},"modified":"2026-03-25T15:19:58","modified_gmt":"2026-03-25T14:19:58","slug":"mikroskop-koffer-52laenge-25-hoehe-48-breite-innenmasse","status":"publish","type":"product","link":"https:\/\/megacase.com\/de\/produkt\/mikroskop-koffer-52laenge-25-hoehe-48-breite-innenmasse\/","title":{"rendered":"Mikroskop Koffer: 52L\u00e4nge 25 H\u00f6he 48 Breite Innenma\u00dfe"},"content":{"rendered":"<p>Mikroskop Koffer: 52L\u00e4nge 25 H\u00f6he 48 Breite Innenma\u00dfe<br \/>\nAufstelldeckel mit<br \/>\n2x Butterflyverschlu\u00df<br \/>\n1x Riemengriff<br \/>\n9mm Multiplex<br \/>Phenolharzbeschichtung braun<br \/>\n23er Aliminiumkanten<br \/>\nKugelecken<br \/>\n20mm vollfl\u00e4chige Innenpolsterung<br \/>\nAdam Hall Qualit\u00e4tsbeschl\u00e4ge<\/p>\n<p><i>Jedes hochwertige Equipment ben\u00f6tigt auch die entsprechenden Verpackungen f\u00fcr den sicheren Transport. So\u00a0z\u00e4hlt MegaCase Flightcases prominente Unternehmen wie ARD, Porsche, Volkswagen, Siemens,\u00a0Suzuki, oder das\u00a0Fraunhofer Institut zu seinen Kunden, und etablierte sich in nur k\u00fcrzester Zeit zu einem der\u00a0f\u00fchrenden Flightcase Hersteller in Europa.\u00a0Mit mehreren \u00a0Produktionsstandorten fertigen mehr als 30 Mitarbeiter MegaCase Flightcases\u00a0f\u00fcr den gesamten Weltmarkt.\u00a0Hohe Flexibilit\u00e4t, Zuverl\u00e4ssigkeit, und Kooperationen mit Zulieferern wie beispielsweise Adam Hall machen MegaCase Flightcases zu Ihrem kompetenten Flightcase\u00a0Ansprechpartner.<\/i> *Aufschlag &#8211; 15%*<\/p>\n","protected":false},"excerpt":{"rendered":"<p>Mikroskop Koffer: 52L\u00e4nge 25 H\u00f6he 48 Breite Innenma\u00dfe Aufstelldeckel mit 2x Butterflyverschlu\u00df 1x Riemengriff 9mm MultiplexPhenolharzbeschichtung braun 23er Aliminiumkanten Kugelecken<\/p>\n","protected":false},"featured_media":30314,"template":"","meta":{"_acf_changed":false},"product_brand":[],"product_cat":[13981],"product_tag":[],"class_list":{"0":"post-62354","1":"product","2":"type-product","3":"status-publish","4":"has-post-thumbnail","6":"product_cat-unkategorisiert","8":"first","9":"instock","10":"taxable","11":"shipping-taxable","12":"purchasable","13":"product-type-simple"},"acf":[],"_links":{"self":[{"href":"https:\/\/megacase.com\/de\/wp-json\/wp\/v2\/product\/62354","targetHints":{"allow":["GET"]}}],"collection":[{"href":"https:\/\/megacase.com\/de\/wp-json\/wp\/v2\/product"}],"about":[{"href":"https:\/\/megacase.com\/de\/wp-json\/wp\/v2\/types\/product"}],"wp:featuredmedia":[{"embeddable":true,"href":"https:\/\/megacase.com\/de\/wp-json\/wp\/v2\/media\/30314"}],"wp:attachment":[{"href":"https:\/\/megacase.com\/de\/wp-json\/wp\/v2\/media?parent=62354"}],"wp:term":[{"taxonomy":"product_brand","embeddable":true,"href":"https:\/\/megacase.com\/de\/wp-json\/wp\/v2\/product_brand?post=62354"},{"taxonomy":"product_cat","embeddable":true,"href":"https:\/\/megacase.com\/de\/wp-json\/wp\/v2\/product_cat?post=62354"},{"taxonomy":"product_tag","embeddable":true,"href":"https:\/\/megacase.com\/de\/wp-json\/wp\/v2\/product_tag?post=62354"}],"curies":[{"name":"wp","href":"https:\/\/api.w.org\/{rel}","templated":true}]}}