{"id":62286,"date":"2017-05-18T16:07:32","date_gmt":"2017-05-18T14:07:32","guid":{"rendered":"https:\/\/mcx.sunlab.eu\/product\/pioneer-djm-850-dj-mixer-case\/"},"modified":"2026-03-25T15:19:59","modified_gmt":"2026-03-25T14:19:59","slug":"pioneer-djm-850-dj-mixer-case","status":"publish","type":"product","link":"https:\/\/megacase.com\/de\/produkt\/pioneer-djm-850-dj-mixer-case\/","title":{"rendered":"Pioneer DJM 850 DJ Mixer Case"},"content":{"rendered":"<p>Pioneer DJM 800\/850 DJ Mixer Case<br \/>\nFlightcase f\u00fcr Pioneer DJM 800\/850 DJ Mixer<br \/>\n2x Butterflys mittel<br \/>\n1x Koffergriff<br \/>\n25er Alukante<br \/>\nmittlere Kugelecken<br \/>\ninnen Schaumstoffpolsterung<br \/>\nAdam Hall Qualit\u00e4tsbeschl\u00e4ge<\/p>\n<p><i>Mixer\/Mischpult Cases werden passgenau f\u00fcr jedes Mischpult angefertigt. Nur so ist ein sicherer und bedenkenloser Transport gew\u00e4hrleistet. MegaCase verwendet ausschlie\u00dflich Qualit\u00e4tsbeschl\u00e4ge von Adam Hall. Gepolsterte Innenseiten, massive Kugelecken und Alu Profile machen dieses Flightcase alltagstauglich. Jedes Flightcase wird ausschlie\u00dflich in Deutschland produziert, und entspricht einem hohen industriellen Qualit\u00e4tsstandard. Bitte beachten: Geben Sie bei der der Bestellung im Kommentarfeld Ihr Mixer\/Mischpult-Modell an, das Case wird speziell f\u00fcr Ihr Ger\u00e4t angefertigt. Abbildung \u00e4hnlich (Beispielbild)<\/i> *Aufschlag &#8211; 15%*<\/p>\n","protected":false},"excerpt":{"rendered":"<p>Pioneer DJM 800\/850 DJ Mixer Case Flightcase f\u00fcr Pioneer DJM 800\/850 DJ Mixer 2x Butterflys mittel 1x Koffergriff 25er Alukante<\/p>\n","protected":false},"featured_media":107596,"template":"","meta":{"_acf_changed":false},"product_brand":[],"product_cat":[13506],"product_tag":[13757],"class_list":{"0":"post-62286","1":"product","2":"type-product","3":"status-publish","4":"has-post-thumbnail","6":"product_cat-pioneer","7":"product_tag-pioneer","9":"first","10":"instock","11":"taxable","12":"shipping-taxable","13":"purchasable","14":"product-type-simple"},"acf":[],"_links":{"self":[{"href":"https:\/\/megacase.com\/de\/wp-json\/wp\/v2\/product\/62286","targetHints":{"allow":["GET"]}}],"collection":[{"href":"https:\/\/megacase.com\/de\/wp-json\/wp\/v2\/product"}],"about":[{"href":"https:\/\/megacase.com\/de\/wp-json\/wp\/v2\/types\/product"}],"wp:featuredmedia":[{"embeddable":true,"href":"https:\/\/megacase.com\/de\/wp-json\/wp\/v2\/media\/107596"}],"wp:attachment":[{"href":"https:\/\/megacase.com\/de\/wp-json\/wp\/v2\/media?parent=62286"}],"wp:term":[{"taxonomy":"product_brand","embeddable":true,"href":"https:\/\/megacase.com\/de\/wp-json\/wp\/v2\/product_brand?post=62286"},{"taxonomy":"product_cat","embeddable":true,"href":"https:\/\/megacase.com\/de\/wp-json\/wp\/v2\/product_cat?post=62286"},{"taxonomy":"product_tag","embeddable":true,"href":"https:\/\/megacase.com\/de\/wp-json\/wp\/v2\/product_tag?post=62286"}],"curies":[{"name":"wp","href":"https:\/\/api.w.org\/{rel}","templated":true}]}}