{"id":62225,"date":"2017-05-18T16:06:22","date_gmt":"2017-05-18T14:06:22","guid":{"rendered":"https:\/\/mcx.sunlab.eu\/product\/behringer-mx-800024-eurodesk-mixer-flightcase-ohne-meterbridge\/"},"modified":"2026-03-25T15:20:00","modified_gmt":"2026-03-25T14:20:00","slug":"behringer-mx-800024-eurodesk-mixer-flightcase-ohne-meterbridge","status":"publish","type":"product","link":"https:\/\/megacase.com\/de\/produkt\/behringer-mx-800024-eurodesk-mixer-flightcase-ohne-meterbridge\/","title":{"rendered":"Behringer MX 8000\/24 Eurodesk Mixer Flightcase ohne Meterbridge"},"content":{"rendered":"<p>Behringer MX 8000\/24 Eurodesk Mixer Flightcase<br \/>\nHaubencase mit<br \/>\n4x Butterfly mittel<br \/>\n2x Klappgriff in Schale<br \/>\n30er Alukante<br \/>\nmittlere Kugelecken<br \/>\ninnen vollfl\u00e4chige Schaumstoffpolsterung<br \/>\nAdam Hall Qualit\u00e4tsbeschl\u00e4ge<\/p>\n<p><i>Mischpult Cases werden passgenau f\u00fcr jedes Mischpult angefertigt. Nur so ist ein sicherer und bedenkenloser Transport gew\u00e4hrleistet. MegaCase verwendet ausschlie\u00dflich Qualit\u00e4tsbeschl\u00e4ge von Adam Hall. Gepolsterte Innenseiten, massive Kugelecken und Alu Profile machen dieses Flightcase alltagstauglich. Jedes Flightcase wird ausschlie\u00dflich in Deutschland produziert, und entspricht einem hohen industriellen Qualit\u00e4tsstandard. Bitte beachten: Geben Sie bei der der Bestellung im Kommentarfeld Ihr Mischpult-Modell an, das Case wird speziell f\u00fcr Ihr Ger\u00e4t angefertigt. Abbildung \u00e4hnlich (Beispielbild)<\/i> *Aufschlag &#8211; 15%*<\/p>\n","protected":false},"excerpt":{"rendered":"<p>Behringer MX 8000\/24 Eurodesk Mixer Flightcase Haubencase mit 4x Butterfly mittel 2x Klappgriff in Schale 30er Alukante mittlere Kugelecken innen<\/p>\n","protected":false},"featured_media":30947,"template":"","meta":{"_acf_changed":false},"product_brand":[],"product_cat":[13500],"product_tag":[14167],"class_list":{"0":"post-62225","1":"product","2":"type-product","3":"status-publish","4":"has-post-thumbnail","6":"product_cat-behringer-case","7":"product_tag-behringer","9":"first","10":"instock","11":"taxable","12":"shipping-taxable","13":"purchasable","14":"product-type-simple"},"acf":[],"_links":{"self":[{"href":"https:\/\/megacase.com\/de\/wp-json\/wp\/v2\/product\/62225","targetHints":{"allow":["GET"]}}],"collection":[{"href":"https:\/\/megacase.com\/de\/wp-json\/wp\/v2\/product"}],"about":[{"href":"https:\/\/megacase.com\/de\/wp-json\/wp\/v2\/types\/product"}],"wp:featuredmedia":[{"embeddable":true,"href":"https:\/\/megacase.com\/de\/wp-json\/wp\/v2\/media\/30947"}],"wp:attachment":[{"href":"https:\/\/megacase.com\/de\/wp-json\/wp\/v2\/media?parent=62225"}],"wp:term":[{"taxonomy":"product_brand","embeddable":true,"href":"https:\/\/megacase.com\/de\/wp-json\/wp\/v2\/product_brand?post=62225"},{"taxonomy":"product_cat","embeddable":true,"href":"https:\/\/megacase.com\/de\/wp-json\/wp\/v2\/product_cat?post=62225"},{"taxonomy":"product_tag","embeddable":true,"href":"https:\/\/megacase.com\/de\/wp-json\/wp\/v2\/product_tag?post=62225"}],"curies":[{"name":"wp","href":"https:\/\/api.w.org\/{rel}","templated":true}]}}