{"id":62222,"date":"2017-05-18T16:06:22","date_gmt":"2017-05-18T14:06:22","guid":{"rendered":"https:\/\/mcx.sunlab.eu\/product\/behringer-lc2412-eurolight-dmx-lichtmischpult-flightcase\/"},"modified":"2026-03-25T15:20:00","modified_gmt":"2026-03-25T14:20:00","slug":"behringer-lc2412-eurolight-dmx-lichtmischpult-flightcase","status":"publish","type":"product","link":"https:\/\/megacase.com\/de\/produkt\/behringer-lc2412-eurolight-dmx-lichtmischpult-flightcase\/","title":{"rendered":"Behringer LC2412 Eurolight DMX-Lichtmischpult Flightcase"},"content":{"rendered":"<p>Haube<br \/>\n6,5 mm Birke Phenol<br \/>\n25&#215;25 mm Alukante<br \/>\n2 Klappgriffe<br \/>\n1 Riemengriff<br \/>\n2 Butterflies gro\u00df gefedert<br \/>\n4 Gummif\u00fc\u00dfe 38&#215;25 mm<br \/>\n8 Kugelecken medium<br \/>\nSchaumstoff<\/p>\n","protected":false},"excerpt":{"rendered":"<p>Haube 6,5 mm Birke Phenol 25&#215;25 mm Alukante 2 Klappgriffe 1 Riemengriff 2 Butterflies gro\u00df gefedert 4 Gummif\u00fc\u00dfe 38&#215;25 mm<\/p>\n","protected":false},"featured_media":169354,"template":"","meta":{"_acf_changed":false},"product_brand":[],"product_cat":[13500],"product_tag":[14167],"class_list":{"0":"post-62222","1":"product","2":"type-product","3":"status-publish","4":"has-post-thumbnail","6":"product_cat-behringer-case","7":"product_tag-behringer","9":"first","10":"instock","11":"taxable","12":"shipping-taxable","13":"purchasable","14":"product-type-simple"},"acf":[],"_links":{"self":[{"href":"https:\/\/megacase.com\/de\/wp-json\/wp\/v2\/product\/62222","targetHints":{"allow":["GET"]}}],"collection":[{"href":"https:\/\/megacase.com\/de\/wp-json\/wp\/v2\/product"}],"about":[{"href":"https:\/\/megacase.com\/de\/wp-json\/wp\/v2\/types\/product"}],"wp:featuredmedia":[{"embeddable":true,"href":"https:\/\/megacase.com\/de\/wp-json\/wp\/v2\/media\/169354"}],"wp:attachment":[{"href":"https:\/\/megacase.com\/de\/wp-json\/wp\/v2\/media?parent=62222"}],"wp:term":[{"taxonomy":"product_brand","embeddable":true,"href":"https:\/\/megacase.com\/de\/wp-json\/wp\/v2\/product_brand?post=62222"},{"taxonomy":"product_cat","embeddable":true,"href":"https:\/\/megacase.com\/de\/wp-json\/wp\/v2\/product_cat?post=62222"},{"taxonomy":"product_tag","embeddable":true,"href":"https:\/\/megacase.com\/de\/wp-json\/wp\/v2\/product_tag?post=62222"}],"curies":[{"name":"wp","href":"https:\/\/api.w.org\/{rel}","templated":true}]}}