{"id":62215,"date":"2017-05-18T16:06:22","date_gmt":"2017-05-18T14:06:22","guid":{"rendered":"https:\/\/mcx.sunlab.eu\/product\/allen-heath-zed-r16-mischpult-flightcase\/"},"modified":"2026-03-25T15:20:00","modified_gmt":"2026-03-25T14:20:00","slug":"allen-heath-zed-r16-mischpult-flightcase","status":"publish","type":"product","link":"https:\/\/megacase.com\/de\/produkt\/allen-heath-zed-r16-mischpult-flightcase\/","title":{"rendered":"Allen &#038; Heath ZED R16 Mischpult Flightcase"},"content":{"rendered":"<p>Allen &amp; Heath ZED R16 Mischpult Flightcase<br \/>\nHaube<br \/>\n7 mm Birke Phenol<br \/>\n30 x 30mm Alukante<br \/>\n4 gefederte Butterflys mittel<br \/>\n1 Riemengriff<br \/>\n8 Stahlkugelecken mittel<br \/>\nSchaumstoff<br \/>\nAu\u00dfenma\u00dfe<br \/>\nca. BxTxH 77,5 x 20 x 54,5cm<br \/>\nGewicht ca. 9,32 kg<br \/>\nGewicht mit Allen &amp; Heath ZED-R16 22,88 kg<\/p>\n<p><i>Mischpult Cases werden passgenau f\u00fcr jedes Mischpult angefertigt. Nur so ist ein sicherer und bedenkenloser Transport gew\u00e4hrleistet. MegaCase verwendet ausschlie\u00dflich Qualit\u00e4tsbeschl\u00e4ge von Adam Hall. Gepolsterte Innenseiten, massive Kugelecken und Alu Profile machen dieses Flightcase alltagstauglich. Jedes Flightcase wird ausschlie\u00dflich in Deutschland produziert, und entspricht einem hohen industriellen Qualit\u00e4tsstandard. Bitte beachten: Geben Sie bei der der Bestellung im Kommentarfeld Ihr Mischpult-Modell an, das Case wird speziell f\u00fcr Ihr Ger\u00e4t angefertigt. Abbildung \u00e4hnlich (Beispielbild)<\/i> *Aufschlag &#8211; 15%*<\/p>\n","protected":false},"excerpt":{"rendered":"<p>Allen &amp; Heath ZED R16 Mischpult Flightcase Haube 7 mm Birke Phenol 30 x 30mm Alukante 4 gefederte Butterflys mittel<\/p>\n","protected":false},"featured_media":98450,"template":"","meta":{"_acf_changed":false},"product_brand":[],"product_cat":[13491,13495],"product_tag":[],"class_list":{"0":"post-62215","1":"product","2":"type-product","3":"status-publish","4":"has-post-thumbnail","6":"product_cat-allen-heath","7":"product_cat-mischpult-cases","9":"first","10":"instock","11":"taxable","12":"shipping-taxable","13":"purchasable","14":"product-type-simple"},"acf":[],"_links":{"self":[{"href":"https:\/\/megacase.com\/de\/wp-json\/wp\/v2\/product\/62215","targetHints":{"allow":["GET"]}}],"collection":[{"href":"https:\/\/megacase.com\/de\/wp-json\/wp\/v2\/product"}],"about":[{"href":"https:\/\/megacase.com\/de\/wp-json\/wp\/v2\/types\/product"}],"wp:featuredmedia":[{"embeddable":true,"href":"https:\/\/megacase.com\/de\/wp-json\/wp\/v2\/media\/98450"}],"wp:attachment":[{"href":"https:\/\/megacase.com\/de\/wp-json\/wp\/v2\/media?parent=62215"}],"wp:term":[{"taxonomy":"product_brand","embeddable":true,"href":"https:\/\/megacase.com\/de\/wp-json\/wp\/v2\/product_brand?post=62215"},{"taxonomy":"product_cat","embeddable":true,"href":"https:\/\/megacase.com\/de\/wp-json\/wp\/v2\/product_cat?post=62215"},{"taxonomy":"product_tag","embeddable":true,"href":"https:\/\/megacase.com\/de\/wp-json\/wp\/v2\/product_tag?post=62215"}],"curies":[{"name":"wp","href":"https:\/\/api.w.org\/{rel}","templated":true}]}}