{"id":62212,"date":"2017-05-18T16:05:58","date_gmt":"2017-05-18T14:05:58","guid":{"rendered":"https:\/\/mcx.sunlab.eu\/product\/allen-heath-zed-22fx-mischpult-flightcase\/"},"modified":"2026-03-25T15:20:02","modified_gmt":"2026-03-25T14:20:02","slug":"allen-heath-zed-22fx-mischpult-flightcase","status":"publish","type":"product","link":"https:\/\/megacase.com\/de\/produkt\/allen-heath-zed-22fx-mischpult-flightcase\/","title":{"rendered":"Allen &#038; Heath ZED 22FX Mischpult Flightcase Eco"},"content":{"rendered":"<p>Allen &amp; Heath ZED 22FX Mischpult Flightcase<br \/>\n2x Aush\u00e4ngescharnier<br \/>\n2x Schnappschlo\u00df<br \/>\n1x Riemengriff<br \/>\n23er Alukanten<br \/>\nmittlere Kugelecken<br \/>\ninnen vollfl\u00e4chige Schaumstoffpolsterung<br \/>\nAufpreis f\u00fcr farbige Beschichtung<br \/>\nzur Verf\u00fcgung stehende Farbauswahl:<br \/>\n<a href=\"http:\/\/megacase.de\/de\/seite\/farben\/\">\u00dcbersicht der m\u00f6glichen Beschichtungen<\/a><br \/>\nAdam Hall Qualit\u00e4tsbeschl\u00e4ge<\/p>\n<p><i>Mischpult Cases werden passgenau f\u00fcr jedes Mischpult angefertigt. Nur so ist ein sicherer und bedenkenloser Transport gew\u00e4hrleistet. MegaCase verwendet ausschlie\u00dflich Qualit\u00e4tsbeschl\u00e4ge von Adam Hall. Gepolsterte Innenseiten, massive Kugelecken und Alu Profile machen dieses Flightcase alltagstauglich. Jedes Flightcase wird ausschlie\u00dflich in Deutschland produziert, und entspricht einem hohen industriellen Qualit\u00e4tsstandard. Bitte beachten: Geben Sie bei der der Bestellung im Kommentarfeld Ihr Mischpult-Modell an, das Case wird speziell f\u00fcr Ihr Ger\u00e4t angefertigt. Abbildung \u00e4hnlich (Beispielbild)<\/i> *Aufschlag &#8211; 15%*<\/p>\n","protected":false},"excerpt":{"rendered":"<p>Allen &amp; Heath ZED 22FX Mischpult Flightcase 2x Aush\u00e4ngescharnier 2x Schnappschlo\u00df 1x Riemengriff 23er Alukanten mittlere Kugelecken innen vollfl\u00e4chige Schaumstoffpolsterung<\/p>\n","protected":false},"featured_media":30993,"template":"","meta":{"_acf_changed":false},"product_brand":[],"product_cat":[13491],"product_tag":[],"class_list":{"0":"post-62212","1":"product","2":"type-product","3":"status-publish","4":"has-post-thumbnail","6":"product_cat-allen-heath","8":"first","9":"instock","10":"taxable","11":"shipping-taxable","12":"purchasable","13":"product-type-simple"},"acf":[],"_links":{"self":[{"href":"https:\/\/megacase.com\/de\/wp-json\/wp\/v2\/product\/62212","targetHints":{"allow":["GET"]}}],"collection":[{"href":"https:\/\/megacase.com\/de\/wp-json\/wp\/v2\/product"}],"about":[{"href":"https:\/\/megacase.com\/de\/wp-json\/wp\/v2\/types\/product"}],"wp:featuredmedia":[{"embeddable":true,"href":"https:\/\/megacase.com\/de\/wp-json\/wp\/v2\/media\/30993"}],"wp:attachment":[{"href":"https:\/\/megacase.com\/de\/wp-json\/wp\/v2\/media?parent=62212"}],"wp:term":[{"taxonomy":"product_brand","embeddable":true,"href":"https:\/\/megacase.com\/de\/wp-json\/wp\/v2\/product_brand?post=62212"},{"taxonomy":"product_cat","embeddable":true,"href":"https:\/\/megacase.com\/de\/wp-json\/wp\/v2\/product_cat?post=62212"},{"taxonomy":"product_tag","embeddable":true,"href":"https:\/\/megacase.com\/de\/wp-json\/wp\/v2\/product_tag?post=62212"}],"curies":[{"name":"wp","href":"https:\/\/api.w.org\/{rel}","templated":true}]}}