{"id":62209,"date":"2017-05-18T16:05:58","date_gmt":"2017-05-18T14:05:58","guid":{"rendered":"https:\/\/mcx.sunlab.eu\/product\/allen-heath-xone-42-mischpult-flightcase\/"},"modified":"2026-03-25T15:20:02","modified_gmt":"2026-03-25T14:20:02","slug":"allen-heath-xone-42-mischpult-flightcase","status":"publish","type":"product","link":"https:\/\/megacase.com\/de\/produkt\/allen-heath-xone-42-mischpult-flightcase\/","title":{"rendered":"Allen &#038; Heath Xone 42 Mischpult Flightcase"},"content":{"rendered":"<p>Haube<br \/>\n7 mm Birke Phenol<br \/>\n22 X 22mm Alukante<br \/>\n2 Butterflys klein<br \/>\n1 Koffergriff<br \/>\n4 Gummif\u00fc\u00dfe 38&#215;10<br \/>\n8 Stahlkugelecken klein<br \/>\nSchaumstoff<br \/>\nAu\u00dfenma\u00dfe ca. BxTxH<br \/>\n448x358x168 mm<br \/>\nGewicht ca. 4,1 kg<\/p>\n<p><i>Mischpult Cases werden passgenau f\u00fcr jedes Mischpult angefertigt. Nur so ist ein sicherer und bedenkenloser Transport gew\u00e4hrleistet. MegaCase verwendet ausschlie\u00dflich Qualit\u00e4tsbeschl\u00e4ge von Adam Hall. Gepolsterte Innenseiten, massive Kugelecken und Alu Profile machen dieses Flightcase alltagstauglich. Jedes Flightcase wird ausschlie\u00dflich in Deutschland produziert, und entspricht einem hohen industriellen Qualit\u00e4tsstandard. Bitte beachten: Geben Sie bei der der Bestellung im Kommentarfeld Ihr Mischpult-Modell an, das Case wird speziell f\u00fcr Ihr Ger\u00e4t angefertigt. Abbildung \u00e4hnlich (Beispielbild)<\/i> *Aufschlag &#8211; 15%*<\/p>\n","protected":false},"excerpt":{"rendered":"<p>Haube 7 mm Birke Phenol 22 X 22mm Alukante 2 Butterflys klein 1 Koffergriff 4 Gummif\u00fc\u00dfe 38&#215;10 8 Stahlkugelecken klein<\/p>\n","protected":false},"featured_media":98460,"template":"","meta":{"_acf_changed":false},"product_brand":[],"product_cat":[13495,13491],"product_tag":[],"class_list":{"0":"post-62209","1":"product","2":"type-product","3":"status-publish","4":"has-post-thumbnail","6":"product_cat-mischpult-cases","7":"product_cat-allen-heath","9":"first","10":"instock","11":"taxable","12":"shipping-taxable","13":"purchasable","14":"product-type-simple"},"acf":[],"_links":{"self":[{"href":"https:\/\/megacase.com\/de\/wp-json\/wp\/v2\/product\/62209","targetHints":{"allow":["GET"]}}],"collection":[{"href":"https:\/\/megacase.com\/de\/wp-json\/wp\/v2\/product"}],"about":[{"href":"https:\/\/megacase.com\/de\/wp-json\/wp\/v2\/types\/product"}],"wp:featuredmedia":[{"embeddable":true,"href":"https:\/\/megacase.com\/de\/wp-json\/wp\/v2\/media\/98460"}],"wp:attachment":[{"href":"https:\/\/megacase.com\/de\/wp-json\/wp\/v2\/media?parent=62209"}],"wp:term":[{"taxonomy":"product_brand","embeddable":true,"href":"https:\/\/megacase.com\/de\/wp-json\/wp\/v2\/product_brand?post=62209"},{"taxonomy":"product_cat","embeddable":true,"href":"https:\/\/megacase.com\/de\/wp-json\/wp\/v2\/product_cat?post=62209"},{"taxonomy":"product_tag","embeddable":true,"href":"https:\/\/megacase.com\/de\/wp-json\/wp\/v2\/product_tag?post=62209"}],"curies":[{"name":"wp","href":"https:\/\/api.w.org\/{rel}","templated":true}]}}