{"id":62208,"date":"2017-05-18T16:05:58","date_gmt":"2017-05-18T14:05:58","guid":{"rendered":"https:\/\/mcx.sunlab.eu\/product\/allen-heath-xone-464-mischpult-flightcase\/"},"modified":"2026-03-25T15:20:01","modified_gmt":"2026-03-25T14:20:01","slug":"allen-heath-xone-464-mischpult-flightcase","status":"publish","type":"product","link":"https:\/\/megacase.com\/de\/produkt\/allen-heath-xone-464-mischpult-flightcase\/","title":{"rendered":"Allen &#038; Heath Xone 464 Mischpult Flightcase"},"content":{"rendered":"<p>Haube Live f\u00fcr  Allen &#038; Heath Xone 464<br \/> <br \/>\n7mm Birke phenol<br \/> <br \/>\n30\/30 Alukante<br \/> <br \/>\n4x Butterfly medium<br \/> <br \/>\n3x Klappgriff<br \/> <br \/>\n4x Kugelecke<br \/> <br \/>\n4x Kugelecke mit L-Ecke<br \/> <br \/>\n4x Gummifu\u00df<br \/> <br \/>\nSchaumstoff<\/p>\n<p>Adam Hall Qualit\u00e4tsbeschl\u00e4ge<\/p>\n<p><i><br \/>\nMischpult Cases werden passgenau f\u00fcr jedes Mischpult angefertigt. Nur so ist ein sicherer und bedenkenloser Transport gew\u00e4hrleistet. MegaCase verwendet ausschlie\u00dflich Qualit\u00e4tsbeschl\u00e4ge von Adam Hall. Gepolsterte Innenseiten, massive Kugelecken und Alu Profile machen dieses Flightcase alltagstauglich. Jedes Flightcase wird ausschlie\u00dflich in Deutschland produziert, und entspricht einem hohen industriellen Qualit\u00e4tsstandard. Bitte beachten: Geben Sie bei der der Bestellung im Kommentarfeld Ihr Mischpult-Modell an, das Case wird speziell f\u00fcr Ihr Ger\u00e4t angefertigt. Abbildung \u00e4hnlich (Beispielbild)<\/i>  Hergestellt in Deutschland  Au\u00dfenma\u00dfe: BxTxH 630x590x310 mm  Gewicht: 12,3 kg *Aufschlag &#8211; 15%*<\/p>\n","protected":false},"excerpt":{"rendered":"<p>Haube Live f\u00fcr Allen &#038; Heath Xone 464 7mm Birke phenol 30\/30 Alukante 4x Butterfly medium 3x Klappgriff 4x Kugelecke<\/p>\n","protected":false},"featured_media":84509,"template":"","meta":{"_acf_changed":false},"product_brand":[],"product_cat":[13491],"product_tag":[],"class_list":{"0":"post-62208","1":"product","2":"type-product","3":"status-publish","4":"has-post-thumbnail","6":"product_cat-allen-heath","8":"first","9":"instock","10":"taxable","11":"shipping-taxable","12":"purchasable","13":"product-type-simple"},"acf":[],"_links":{"self":[{"href":"https:\/\/megacase.com\/de\/wp-json\/wp\/v2\/product\/62208","targetHints":{"allow":["GET"]}}],"collection":[{"href":"https:\/\/megacase.com\/de\/wp-json\/wp\/v2\/product"}],"about":[{"href":"https:\/\/megacase.com\/de\/wp-json\/wp\/v2\/types\/product"}],"wp:featuredmedia":[{"embeddable":true,"href":"https:\/\/megacase.com\/de\/wp-json\/wp\/v2\/media\/84509"}],"wp:attachment":[{"href":"https:\/\/megacase.com\/de\/wp-json\/wp\/v2\/media?parent=62208"}],"wp:term":[{"taxonomy":"product_brand","embeddable":true,"href":"https:\/\/megacase.com\/de\/wp-json\/wp\/v2\/product_brand?post=62208"},{"taxonomy":"product_cat","embeddable":true,"href":"https:\/\/megacase.com\/de\/wp-json\/wp\/v2\/product_cat?post=62208"},{"taxonomy":"product_tag","embeddable":true,"href":"https:\/\/megacase.com\/de\/wp-json\/wp\/v2\/product_tag?post=62208"}],"curies":[{"name":"wp","href":"https:\/\/api.w.org\/{rel}","templated":true}]}}