{"id":62184,"date":"2017-05-18T16:05:36","date_gmt":"2017-05-18T14:05:36","guid":{"rendered":"https:\/\/mcx.sunlab.eu\/product\/flightcase-fuer-mischpult-soundcraft-spirit-m8-m12-3\/"},"modified":"2026-03-25T15:20:03","modified_gmt":"2026-03-25T14:20:03","slug":"flightcase-fuer-mischpult-soundcraft-spirit-m8-m12-3","status":"publish","type":"product","link":"https:\/\/megacase.com\/de\/produkt\/flightcase-fuer-mischpult-soundcraft-spirit-m8-m12-3\/","title":{"rendered":"Flightcase f\u00fcr Mischpult Soundcraft Spirit M8 &#8211; M12 farbig"},"content":{"rendered":"<p>passend f\u00fcr Soundcraft Spirit M-8 und M-12 7 mm Birkenmultiplex 25x25mm Alukante 18mm 19&#8243; Holzwangen mit Rackschienen und Befestigungsmaterial 1x Riemengriff 4x Butterflies gefedert Kugelecken medium 4x Gummif\u00fc\u00dfe Au\u00dfenma\u00dfe ( BxTxH ) ca. 665 x 593 x 194 mm Gewicht:10,34 kg *Aufschlag &#8211; 15%*<\/p>\n<p>gew\u00fcnschten RAL Ton bitte im Kommentarfeld angeben<\/p>\n","protected":false},"excerpt":{"rendered":"<p>passend f\u00fcr Soundcraft Spirit M-8 und M-12 7 mm Birkenmultiplex 25x25mm Alukante 18mm 19&#8243; Holzwangen mit Rackschienen und Befestigungsmaterial 1x<\/p>\n","protected":false},"featured_media":31178,"template":"","meta":{"_acf_changed":false},"product_brand":[],"product_cat":[13503],"product_tag":[],"class_list":{"0":"post-62184","1":"product","2":"type-product","3":"status-publish","4":"has-post-thumbnail","6":"product_cat-soundcraft","8":"first","9":"instock","10":"taxable","11":"shipping-taxable","12":"purchasable","13":"product-type-simple"},"acf":[],"_links":{"self":[{"href":"https:\/\/megacase.com\/de\/wp-json\/wp\/v2\/product\/62184","targetHints":{"allow":["GET"]}}],"collection":[{"href":"https:\/\/megacase.com\/de\/wp-json\/wp\/v2\/product"}],"about":[{"href":"https:\/\/megacase.com\/de\/wp-json\/wp\/v2\/types\/product"}],"wp:featuredmedia":[{"embeddable":true,"href":"https:\/\/megacase.com\/de\/wp-json\/wp\/v2\/media\/31178"}],"wp:attachment":[{"href":"https:\/\/megacase.com\/de\/wp-json\/wp\/v2\/media?parent=62184"}],"wp:term":[{"taxonomy":"product_brand","embeddable":true,"href":"https:\/\/megacase.com\/de\/wp-json\/wp\/v2\/product_brand?post=62184"},{"taxonomy":"product_cat","embeddable":true,"href":"https:\/\/megacase.com\/de\/wp-json\/wp\/v2\/product_cat?post=62184"},{"taxonomy":"product_tag","embeddable":true,"href":"https:\/\/megacase.com\/de\/wp-json\/wp\/v2\/product_tag?post=62184"}],"curies":[{"name":"wp","href":"https:\/\/api.w.org\/{rel}","templated":true}]}}