{"id":62179,"date":"2017-05-18T16:05:36","date_gmt":"2017-05-18T14:05:36","guid":{"rendered":"https:\/\/mcx.sunlab.eu\/product\/flightcase-fuer-mischpult-soundcraft-mfx-122-mpm-122-mfxi-202\/"},"modified":"2026-03-25T15:20:03","modified_gmt":"2026-03-25T14:20:03","slug":"flightcase-fuer-mischpult-soundcraft-mfx-122-mpm-122-mfxi-202","status":"publish","type":"product","link":"https:\/\/megacase.com\/de\/produkt\/flightcase-fuer-mischpult-soundcraft-mfx-122-mpm-122-mfxi-202\/","title":{"rendered":"Flightcase f\u00fcr Mischpult Soundcraft MFX 12\/2, MPM 12\/2, MFXi 12\/2"},"content":{"rendered":"<p>Flightcase f\u00fcr Mischpult Soundcraft MFX 12\/2, MPM 12\/2, MFXi 12\/2<br \/>\n2 Butterflys<br \/>\n1x Riemengriff<br \/>\n25er Alukanten<br \/>\nmittlere Kugelecken<br \/>\nSchaumstoffpolsterung passned f\u00fcr 12\/2 Serie<br \/>\nAdam Hall Qualit\u00e4tsbeschl\u00e4ge<\/p>\n<p><i>Mischpult Cases werden passgenau f\u00fcr jedes Mischpult angefertigt. Nur so ist ein sicherer und bedenkenloser Transport gew\u00e4hrleistet. MegaCase verwendet ausschlie\u00dflich Qualit\u00e4tsbeschl\u00e4ge von Adam Hall. Gepolsterte Innenseiten, massive Kugelecken und Alu Profile machen dieses Flightcase alltagstauglich. Jedes Flightcase wird ausschlie\u00dflich in Deutschland produziert, und entspricht einem hohen industriellen Qualit\u00e4tsstandard. Bitte beachten: Geben Sie bei der der Bestellung im Kommentarfeld Ihr Mischpult-Modell an, das Case wird speziell f\u00fcr Ihr Ger\u00e4t angefertigt. Abbildung \u00e4hnlich (Beispielbild)<\/i> *Aufschlag &#8211; 15%*<\/p>\n","protected":false},"excerpt":{"rendered":"<p>Flightcase f\u00fcr Mischpult Soundcraft MFX 12\/2, MPM 12\/2, MFXi 12\/2 2 Butterflys 1x Riemengriff 25er Alukanten mittlere Kugelecken Schaumstoffpolsterung passned<\/p>\n","protected":false},"featured_media":77063,"template":"","meta":{"_acf_changed":false},"product_brand":[],"product_cat":[13503],"product_tag":[],"class_list":{"0":"post-62179","1":"product","2":"type-product","3":"status-publish","4":"has-post-thumbnail","6":"product_cat-soundcraft","8":"first","9":"instock","10":"taxable","11":"shipping-taxable","12":"purchasable","13":"product-type-simple"},"acf":[],"_links":{"self":[{"href":"https:\/\/megacase.com\/de\/wp-json\/wp\/v2\/product\/62179","targetHints":{"allow":["GET"]}}],"collection":[{"href":"https:\/\/megacase.com\/de\/wp-json\/wp\/v2\/product"}],"about":[{"href":"https:\/\/megacase.com\/de\/wp-json\/wp\/v2\/types\/product"}],"wp:featuredmedia":[{"embeddable":true,"href":"https:\/\/megacase.com\/de\/wp-json\/wp\/v2\/media\/77063"}],"wp:attachment":[{"href":"https:\/\/megacase.com\/de\/wp-json\/wp\/v2\/media?parent=62179"}],"wp:term":[{"taxonomy":"product_brand","embeddable":true,"href":"https:\/\/megacase.com\/de\/wp-json\/wp\/v2\/product_brand?post=62179"},{"taxonomy":"product_cat","embeddable":true,"href":"https:\/\/megacase.com\/de\/wp-json\/wp\/v2\/product_cat?post=62179"},{"taxonomy":"product_tag","embeddable":true,"href":"https:\/\/megacase.com\/de\/wp-json\/wp\/v2\/product_tag?post=62179"}],"curies":[{"name":"wp","href":"https:\/\/api.w.org\/{rel}","templated":true}]}}