{"id":62174,"date":"2017-05-18T16:05:12","date_gmt":"2017-05-18T14:05:12","guid":{"rendered":"https:\/\/mcx.sunlab.eu\/product\/flightcase-fuer-mischpult-yamaha-rs-7000\/"},"modified":"2026-03-25T15:20:04","modified_gmt":"2026-03-25T14:20:04","slug":"flightcase-fuer-mischpult-yamaha-rs-7000","status":"publish","type":"product","link":"https:\/\/megacase.com\/de\/produkt\/flightcase-fuer-mischpult-yamaha-rs-7000\/","title":{"rendered":"Flightcase f\u00fcr Mischpult Yamaha RS 7000"},"content":{"rendered":"<p>Foto dient als Beispiel<\/p>\n<p>ma\u00dfgefertigtes Haubencase f\u00fcr Yamaha RS 7000 Groove Box<br \/>\naus 7mm Birkenmultiplex<br \/>\n25 x 25mm Alukante<br \/>\nSchaumstoffpolsterung<br \/>\n2 gefederte Butterfly-Verschl\u00fc\u00dfe medium<br \/>\n1 Riemengriff<br \/>\nGummif\u00fc\u00dfe<br \/>\nhergestellt in Deutschland<\/p>\n<p><i>Mischpult Cases werden passgenau f\u00fcr jedes Mischpult angefertigt. Nur so ist ein sicherer und bedenkenloser Transport gew\u00e4hrleistet. MegaCase verwendet ausschlie\u00dflich Qualit\u00e4tsbeschl\u00e4ge von Adam Hall. Gepolsterte Innenseiten, massive Kugelecken und Alu Profile machen dieses Flightcase alltagstauglich. Jedes Flightcase wird ausschlie\u00dflich in Deutschland produziert, und entspricht einem hohen industriellen Qualit\u00e4tsstandard. Bitte beachten: Geben Sie bei der der Bestellung im Kommentarfeld Ihr Mischpult-Modell an, das Case wird speziell f\u00fcr Ihr Ger\u00e4t angefertigt. Abbildung \u00e4hnlich (Beispielbild)<\/i> *Aufschlag &#8211; 15%*<\/p>\n","protected":false},"excerpt":{"rendered":"<p>Foto dient als Beispiel ma\u00dfgefertigtes Haubencase f\u00fcr Yamaha RS 7000 Groove Box aus 7mm Birkenmultiplex 25 x 25mm Alukante Schaumstoffpolsterung<\/p>\n","protected":false},"featured_media":111718,"template":"","meta":{"_acf_changed":false},"product_brand":[],"product_cat":[13496],"product_tag":[],"class_list":{"0":"post-62174","1":"product","2":"type-product","3":"status-publish","4":"has-post-thumbnail","6":"product_cat-yamaha","8":"first","9":"instock","10":"taxable","11":"shipping-taxable","12":"purchasable","13":"product-type-simple"},"acf":[],"_links":{"self":[{"href":"https:\/\/megacase.com\/de\/wp-json\/wp\/v2\/product\/62174","targetHints":{"allow":["GET"]}}],"collection":[{"href":"https:\/\/megacase.com\/de\/wp-json\/wp\/v2\/product"}],"about":[{"href":"https:\/\/megacase.com\/de\/wp-json\/wp\/v2\/types\/product"}],"wp:featuredmedia":[{"embeddable":true,"href":"https:\/\/megacase.com\/de\/wp-json\/wp\/v2\/media\/111718"}],"wp:attachment":[{"href":"https:\/\/megacase.com\/de\/wp-json\/wp\/v2\/media?parent=62174"}],"wp:term":[{"taxonomy":"product_brand","embeddable":true,"href":"https:\/\/megacase.com\/de\/wp-json\/wp\/v2\/product_brand?post=62174"},{"taxonomy":"product_cat","embeddable":true,"href":"https:\/\/megacase.com\/de\/wp-json\/wp\/v2\/product_cat?post=62174"},{"taxonomy":"product_tag","embeddable":true,"href":"https:\/\/megacase.com\/de\/wp-json\/wp\/v2\/product_tag?post=62174"}],"curies":[{"name":"wp","href":"https:\/\/api.w.org\/{rel}","templated":true}]}}