{"id":62103,"date":"2017-05-18T16:04:06","date_gmt":"2017-05-18T14:04:06","guid":{"rendered":"https:\/\/mcx.sunlab.eu\/product\/flightcase-fuer-keyboard-roland-fp-4-fp-5\/"},"modified":"2026-03-25T15:20:08","modified_gmt":"2026-03-25T14:20:08","slug":"flightcase-fuer-keyboard-roland-fp-4-fp-5","status":"publish","type":"product","link":"https:\/\/megacase.com\/de\/produkt\/flightcase-fuer-keyboard-roland-fp-4-fp-5\/","title":{"rendered":"Flightcase f\u00fcr Keyboard Roland FP 4 &#8211; FP 5"},"content":{"rendered":"<p>Flightcase f\u00fcr Keyboard Roland FP 4 &#8211; FP 5<br \/>\n4x Butterfly<br \/> <br \/>\n1x Ledergriff<br \/> <br \/>\n2x Klappgriff diagonal<br \/> <br \/>\n30er Kante<br \/>\nmittlere Kugelecken<br \/> <br \/>\ninnen vollfl\u00e4chige Schaumstoffpolsterung<br \/>\nAdam Hall Qualit\u00e4tsbeschl\u00e4ge<\/p>\n<p><br<<i><br \/>\nKeyboard Cases werden passgenau f\u00fcr jedes Keyboard angefertigt. Nur so ist ein sicherer und bedenkenloser Transport gew\u00e4hrleistet. MegaCase verwendet ausschlie\u00dflich Qualit\u00e4tsbeschl\u00e4ge von Adam Hall. Gepolsterte Innenseite, massive Kugelecken und Alu Profile machen dieses Flightcase alltagstauglich. Jedes Flightcase wird ausschlie\u00dflich in Deutschland produziert, und entspricht einem hohen industriellen Qualit\u00e4tsstandard. Bitte beachten: Geben Sie bei der der Bestellung im Kommentarfeld Ihr Keyboard- bzw. Synthesizer-Modell an, das Case wird speziell f\u00fcr Ihr Ger\u00e4t angefertigt. Abbildung \u00e4hnlich. (Beispielbild)<\/i>  Au\u00dfenma\u00dfe: BxTxH 1450x415x225 mm  Gewicht: 12,9 kg *Aufschlag &#8211; 15%*<\/p>\n","protected":false},"excerpt":{"rendered":"<p>Flightcase f\u00fcr Keyboard Roland FP 4 &#8211; FP 5 4x Butterfly 1x Ledergriff 2x Klappgriff diagonal 30er Kante mittlere Kugelecken<\/p>\n","protected":false},"featured_media":31555,"template":"","meta":{"_acf_changed":false},"product_brand":[],"product_cat":[13558],"product_tag":[],"class_list":{"0":"post-62103","1":"product","2":"type-product","3":"status-publish","4":"has-post-thumbnail","6":"product_cat-roland-case","8":"first","9":"instock","10":"taxable","11":"shipping-taxable","12":"purchasable","13":"product-type-simple"},"acf":[],"_links":{"self":[{"href":"https:\/\/megacase.com\/de\/wp-json\/wp\/v2\/product\/62103","targetHints":{"allow":["GET"]}}],"collection":[{"href":"https:\/\/megacase.com\/de\/wp-json\/wp\/v2\/product"}],"about":[{"href":"https:\/\/megacase.com\/de\/wp-json\/wp\/v2\/types\/product"}],"wp:featuredmedia":[{"embeddable":true,"href":"https:\/\/megacase.com\/de\/wp-json\/wp\/v2\/media\/31555"}],"wp:attachment":[{"href":"https:\/\/megacase.com\/de\/wp-json\/wp\/v2\/media?parent=62103"}],"wp:term":[{"taxonomy":"product_brand","embeddable":true,"href":"https:\/\/megacase.com\/de\/wp-json\/wp\/v2\/product_brand?post=62103"},{"taxonomy":"product_cat","embeddable":true,"href":"https:\/\/megacase.com\/de\/wp-json\/wp\/v2\/product_cat?post=62103"},{"taxonomy":"product_tag","embeddable":true,"href":"https:\/\/megacase.com\/de\/wp-json\/wp\/v2\/product_tag?post=62103"}],"curies":[{"name":"wp","href":"https:\/\/api.w.org\/{rel}","templated":true}]}}