{"id":62086,"date":"2017-05-18T16:03:45","date_gmt":"2017-05-18T14:03:45","guid":{"rendered":"https:\/\/mcx.sunlab.eu\/product\/flightcase-fuer-3x-lcd-tv-55-flatscreen\/"},"modified":"2026-03-25T15:20:12","modified_gmt":"2026-03-25T14:20:12","slug":"flightcase-fuer-3x-lcd-tv-55-flatscreen","status":"publish","type":"product","link":"https:\/\/megacase.com\/de\/produkt\/flightcase-fuer-3x-lcd-tv-55-flatscreen\/","title":{"rendered":"Flightcase f\u00fcr 3x LCD TV 55&#8243; Flatscreen"},"content":{"rendered":"<p>Flightcase f\u00fcr 3x LCD TV 55&#8243; Flatscreen<br \/>\nL\u00e4nge 1252 H\u00f6he 736 Tiefe 469 mm Innenma\u00dfe<br \/>\nDeckel abnehmbar mit 4x Butterflyverschlu\u00df<br \/>\n2x Klappgriff in Schale<br \/>\n7mm Birkenmultiplex<br \/>\nPhenolharzbeschichtung braun<br \/>\n23er Aluminiumkanten<br \/>\nKugelecken<br \/>\n2x L\u00e4ngstrennwand<br \/>\n20mm vollfl\u00e4chige Innenpolsterung<br \/>\nRollensatz 100mm mit Verst\u00e4rkungsplatte, alle lenkbar, 2x gebremst<br \/>\nAdam Hall Qualit\u00e4tsbeschl\u00e4ge<\/p>\n<p>Jedes hochwertige Equipment ben\u00f6tigt auch die entsprechenden Verpackungen f\u00fcr den sicheren Transport. So\u00a0z\u00e4hlt MegaCase Flightcases prominente Unternehmen wie ARD, Porsche, Volkswagen, Siemens,\u00a0Suzuki, oder das\u00a0Fraunhofer Institut zu seinen Kunden, und etablierte sich in nur k\u00fcrzester Zeit zu einem der\u00a0f\u00fchrenden Flightcase Hersteller in Europa.\u00a0Mehr als 100 Mitarbeiter fertigen bei MegaCase Flightcases\u00a0f\u00fcr den gesamten Weltmarkt.\u00a0Hohe Flexibilit\u00e4t, Zuverl\u00e4ssigkeit, und Kooperationen mit Zulieferern wie beispielsweise Adam Hall machen MegaCase Flightcases zu Ihrem kompetenten Flightcase\u00a0Ansprechpartner.<\/p>\n","protected":false},"excerpt":{"rendered":"<p>Flightcase f\u00fcr 3x LCD TV 55&#8243; Flatscreen L\u00e4nge 1252 H\u00f6he 736 Tiefe 469 mm Innenma\u00dfe Deckel abnehmbar mit 4x Butterflyverschlu\u00df<\/p>\n","protected":false},"featured_media":114764,"template":"","meta":{"_acf_changed":false},"product_brand":[],"product_cat":[13981],"product_tag":[],"class_list":{"0":"post-62086","1":"product","2":"type-product","3":"status-publish","4":"has-post-thumbnail","6":"product_cat-unkategorisiert","8":"first","9":"instock","10":"taxable","11":"shipping-taxable","12":"purchasable","13":"product-type-simple"},"acf":[],"_links":{"self":[{"href":"https:\/\/megacase.com\/de\/wp-json\/wp\/v2\/product\/62086","targetHints":{"allow":["GET"]}}],"collection":[{"href":"https:\/\/megacase.com\/de\/wp-json\/wp\/v2\/product"}],"about":[{"href":"https:\/\/megacase.com\/de\/wp-json\/wp\/v2\/types\/product"}],"wp:featuredmedia":[{"embeddable":true,"href":"https:\/\/megacase.com\/de\/wp-json\/wp\/v2\/media\/114764"}],"wp:attachment":[{"href":"https:\/\/megacase.com\/de\/wp-json\/wp\/v2\/media?parent=62086"}],"wp:term":[{"taxonomy":"product_brand","embeddable":true,"href":"https:\/\/megacase.com\/de\/wp-json\/wp\/v2\/product_brand?post=62086"},{"taxonomy":"product_cat","embeddable":true,"href":"https:\/\/megacase.com\/de\/wp-json\/wp\/v2\/product_cat?post=62086"},{"taxonomy":"product_tag","embeddable":true,"href":"https:\/\/megacase.com\/de\/wp-json\/wp\/v2\/product_tag?post=62086"}],"curies":[{"name":"wp","href":"https:\/\/api.w.org\/{rel}","templated":true}]}}