{"id":62083,"date":"2017-05-18T16:03:45","date_gmt":"2017-05-18T14:03:45","guid":{"rendered":"https:\/\/mcx.sunlab.eu\/product\/27-imac-case-2\/"},"modified":"2026-03-25T15:20:10","modified_gmt":"2026-03-25T14:20:10","slug":"27-imac-case-2","status":"publish","type":"product","link":"https:\/\/megacase.com\/de\/produkt\/27-imac-case-2\/","title":{"rendered":"27&#8243; iMac Case"},"content":{"rendered":"<p>passendes Transportcase f\u00fcr einen Apple iMac 27&#8243; Computer (Modell 2012)<br \/>\ninkl. F\u00e4cher f\u00fcr Zubeh\u00f6r wie Tastatur, Maus etc.<br \/>\nrechtes Fach 140 x 60 x 280 mm BxTxH,<br \/>\nlinkes Fach 140 x 60 x 150 mm BxTxH<br \/>\n6,8 mm Birkenmultiplex phenolharz beschichtet<br \/>\nFarbe: braun<br \/>\n25&#215;25 mm Alukante<br \/>\n2 gefederte Butterfly-Verschl\u00fcsse medium<br \/>\n3 Klappgriffe mittel<br \/>\n8 Stahlkugelecken mittel<br \/>\n2 Feststellscharniere<br \/>\nSchaumstoffpolsterung<br \/>\n2 gepolsterte Zubeh\u00f6rf\u00e4cher<br \/>\nAu\u00dfenma\u00dfe: BxTxH 730x275x606 mm<br \/>\nGewicht ca. 14,4 kg<br \/>\nhergestellt in Deutschland<\/p>\n","protected":false},"excerpt":{"rendered":"<p>Transportcase f\u00fcr 27&#8243; iMac (ab Modell 2012) inkl. kleinen F\u00e4cher dahinter, rechtes Fach 140 x 60 x 280 mm BxTxH, linkes Fach 140 x 60 x 150 mm BxTxH<\/p>\n","protected":false},"featured_media":230703,"template":"","meta":{"_acf_changed":false},"product_brand":[],"product_cat":[13612],"product_tag":[14243],"class_list":{"0":"post-62083","1":"product","2":"type-product","3":"status-publish","4":"has-post-thumbnail","6":"product_cat-display-monitor","7":"product_tag-apple","9":"first","10":"instock","11":"taxable","12":"shipping-taxable","13":"purchasable","14":"product-type-simple"},"acf":[],"_links":{"self":[{"href":"https:\/\/megacase.com\/de\/wp-json\/wp\/v2\/product\/62083","targetHints":{"allow":["GET"]}}],"collection":[{"href":"https:\/\/megacase.com\/de\/wp-json\/wp\/v2\/product"}],"about":[{"href":"https:\/\/megacase.com\/de\/wp-json\/wp\/v2\/types\/product"}],"wp:featuredmedia":[{"embeddable":true,"href":"https:\/\/megacase.com\/de\/wp-json\/wp\/v2\/media\/230703"}],"wp:attachment":[{"href":"https:\/\/megacase.com\/de\/wp-json\/wp\/v2\/media?parent=62083"}],"wp:term":[{"taxonomy":"product_brand","embeddable":true,"href":"https:\/\/megacase.com\/de\/wp-json\/wp\/v2\/product_brand?post=62083"},{"taxonomy":"product_cat","embeddable":true,"href":"https:\/\/megacase.com\/de\/wp-json\/wp\/v2\/product_cat?post=62083"},{"taxonomy":"product_tag","embeddable":true,"href":"https:\/\/megacase.com\/de\/wp-json\/wp\/v2\/product_tag?post=62083"}],"curies":[{"name":"wp","href":"https:\/\/api.w.org\/{rel}","templated":true}]}}