{"id":62079,"date":"2017-05-18T16:03:45","date_gmt":"2017-05-18T14:03:45","guid":{"rendered":"https:\/\/mcx.sunlab.eu\/product\/schaumstoffeinlage-fuer-4-mikrofone\/"},"modified":"2026-03-25T15:20:09","modified_gmt":"2026-03-25T14:20:09","slug":"schaumstoffeinlage-fuer-4-mikrofone","status":"publish","type":"product","link":"https:\/\/megacase.com\/de\/produkt\/schaumstoffeinlage-fuer-4-mikrofone\/","title":{"rendered":"Schaumstoffeinlage f\u00fcr 4 Mikrofone"},"content":{"rendered":"<p>Passend f\u00fcr abschlie\u00dfbare 2HE Schublade    Formausschnitt gefr\u00e4st f\u00fcr Shure und Sennheiser Mikrofone   wie z.B. Sennheiser G2 oder G3 Serie  Shuer SM 58 sowie Beta 58 *Aufschlag &#8211; 15%*<\/p>\n","protected":false},"excerpt":{"rendered":"<p>Passend f\u00fcr abschlie\u00dfbare 2HE Schublade Formausschnitt gefr\u00e4st f\u00fcr Shure und Sennheiser Mikrofone wie z.B. Sennheiser G2 oder G3 Serie Shuer<\/p>\n","protected":false},"featured_media":31666,"template":"","meta":{"_acf_changed":false},"product_brand":[],"product_cat":[13512],"product_tag":[],"class_list":{"0":"post-62079","1":"product","2":"type-product","3":"status-publish","4":"has-post-thumbnail","6":"product_cat-case-zubehoer","8":"first","9":"instock","10":"taxable","11":"shipping-taxable","12":"purchasable","13":"product-type-simple"},"acf":[],"_links":{"self":[{"href":"https:\/\/megacase.com\/de\/wp-json\/wp\/v2\/product\/62079","targetHints":{"allow":["GET"]}}],"collection":[{"href":"https:\/\/megacase.com\/de\/wp-json\/wp\/v2\/product"}],"about":[{"href":"https:\/\/megacase.com\/de\/wp-json\/wp\/v2\/types\/product"}],"wp:featuredmedia":[{"embeddable":true,"href":"https:\/\/megacase.com\/de\/wp-json\/wp\/v2\/media\/31666"}],"wp:attachment":[{"href":"https:\/\/megacase.com\/de\/wp-json\/wp\/v2\/media?parent=62079"}],"wp:term":[{"taxonomy":"product_brand","embeddable":true,"href":"https:\/\/megacase.com\/de\/wp-json\/wp\/v2\/product_brand?post=62079"},{"taxonomy":"product_cat","embeddable":true,"href":"https:\/\/megacase.com\/de\/wp-json\/wp\/v2\/product_cat?post=62079"},{"taxonomy":"product_tag","embeddable":true,"href":"https:\/\/megacase.com\/de\/wp-json\/wp\/v2\/product_tag?post=62079"}],"curies":[{"name":"wp","href":"https:\/\/api.w.org\/{rel}","templated":true}]}}